{"id":1835,"date":"2021-02-08T14:52:25","date_gmt":"2021-02-08T13:52:25","guid":{"rendered":"https:\/\/www2.golfstvigilseis.it\/campo-e-prezzi\/gallery\/"},"modified":"2026-04-02T14:08:04","modified_gmt":"2026-04-02T12:08:04","slug":"gallerie","status":"publish","type":"page","link":"https:\/\/www.golfstvigilseis.it\/de\/golfplatz-preise\/gallerie\/","title":{"rendered":"Gallerie"},"content":{"rendered":"[vc_row type=&#8220;full_width_background&#8220; full_screen_row_position=&#8220;middle&#8220; column_margin=&#8220;default&#8220; column_direction=&#8220;default&#8220; column_direction_tablet=&#8220;default&#8220; column_direction_phone=&#8220;default&#8220; bg_color=&#8220;#ffffff&#8220; scene_position=&#8220;center&#8220; top_padding=&#8220;1%&#8220; bottom_padding=&#8220;5%&#8220; text_color=&#8220;dark&#8220; text_align=&#8220;center&#8220; row_border_radius=&#8220;none&#8220; row_border_radius_applies=&#8220;bg&#8220; overlay_strength=&#8220;0.5&#8243; gradient_direction=&#8220;left_to_right&#8220; shape_divider_position=&#8220;bottom&#8220; bg_image_animation=&#8220;none&#8220; shape_type=&#8220;&#8220;][vc_column column_padding=&#8220;no-extra-padding&#8220; column_padding_tablet=&#8220;inherit&#8220; column_padding_phone=&#8220;inherit&#8220; column_padding_position=&#8220;all&#8220; background_color_opacity=&#8220;1&#8243; background_hover_color_opacity=&#8220;1&#8243; column_shadow=&#8220;none&#8220; column_border_radius=&#8220;none&#8220; column_link_target=&#8220;_self&#8220; gradient_direction=&#8220;left_to_right&#8220; overlay_strength=&#8220;0.3&#8243; width=&#8220;1\/1&#8243; tablet_width_inherit=&#8220;default&#8220; tablet_text_alignment=&#8220;default&#8220; phone_text_alignment=&#8220;default&#8220; column_border_width=&#8220;none&#8220; column_border_style=&#8220;solid&#8220; bg_image_animation=&#8220;none&#8220;][vc_row_inner column_margin=&#8220;default&#8220; column_direction=&#8220;default&#8220; column_direction_tablet=&#8220;default&#8220; column_direction_phone=&#8220;default&#8220; text_align=&#8220;left&#8220;][vc_column_inner column_padding=&#8220;no-extra-padding&#8220; column_padding_tablet=&#8220;inherit&#8220; column_padding_phone=&#8220;inherit&#8220; column_padding_position=&#8220;all&#8220; background_color_opacity=&#8220;1&#8243; background_hover_color_opacity=&#8220;1&#8243; column_shadow=&#8220;none&#8220; column_border_radius=&#8220;none&#8220; column_link_target=&#8220;_self&#8220; gradient_direction=&#8220;left_to_right&#8220; overlay_strength=&#8220;0.3&#8243; width=&#8220;1\/1&#8243; tablet_width_inherit=&#8220;default&#8220; column_border_width=&#8220;none&#8220; column_border_style=&#8220;solid&#8220; bg_image_animation=&#8220;none&#8220; enable_animation=&#8220;true&#8220; animation=&#8220;fade-in-from-bottom&#8220;][vc_custom_heading text=&#8220;Lange Fairways, malerische Seen, saftige Greens, gekr\u00f6nt von einem atemberaubenden Blick auf das Schlernmassiv&#8220; font_container=&#8220;tag:h2|font_size:48px|text_align:center|line_height:57px&#8220; use_theme_fonts=&#8220;yes&#8220; css_animation=&#8220;none&#8220;][\/vc_column_inner][\/vc_row_inner][vc_row_inner column_margin=&#8220;default&#8220; column_direction=&#8220;default&#8220; column_direction_tablet=&#8220;default&#8220; column_direction_phone=&#8220;default&#8220; text_align=&#8220;left&#8220;][vc_column_inner column_padding=&#8220;no-extra-padding&#8220; column_padding_tablet=&#8220;no-extra-padding&#8220; column_padding_phone=&#8220;no-extra-padding&#8220; column_padding_position=&#8220;all&#8220; background_color_opacity=&#8220;1&#8243; background_hover_color_opacity=&#8220;1&#8243; column_shadow=&#8220;none&#8220; column_border_radius=&#8220;none&#8220; column_link_target=&#8220;_self&#8220; gradient_direction=&#8220;left_to_right&#8220; overlay_strength=&#8220;0.3&#8243; width=&#8220;1\/1&#8243; tablet_width_inherit=&#8220;default&#8220; column_border_width=&#8220;none&#8220; column_border_style=&#8220;solid&#8220; bg_image_animation=&#8220;none&#8220;][vc_custom_heading text=&#8220;Machen Sie sich ein Bild davon, was Sie im Golfclub St. Vigil Seis erwartet: ein intensives Naturerlebnis, unvergessliche Golfspiele, Ruhe und Erholung in einer der sch\u00f6nsten Regionen S\u00fcdtirols. Viel Spa\u00df beim \u201eDurchbl\u00e4ttern\u201c\u2026&#8220; font_container=&#8220;tag:p|text_align:center|color:rgba(10%2C10%2C10%2C0.65)&#8220; use_theme_fonts=&#8220;yes&#8220; css_animation=&#8220;none&#8220; css=&#8220;.vc_custom_1611161814169{padding-right: 13% !important;padding-left: 13% !important;}&#8220;][\/vc_column_inner][\/vc_row_inner][\/vc_column][\/vc_row][vc_row type=&#8220;in_container&#8220; full_screen_row_position=&#8220;middle&#8220; column_margin=&#8220;default&#8220; column_direction=&#8220;default&#8220; column_direction_tablet=&#8220;default&#8220; column_direction_phone=&#8220;default&#8220; scene_position=&#8220;center&#8220; text_color=&#8220;dark&#8220; text_align=&#8220;left&#8220; row_border_radius=&#8220;none&#8220; row_border_radius_applies=&#8220;bg&#8220; class=&#8220;noVCINNER&#8220; overlay_strength=&#8220;0.3&#8243; gradient_direction=&#8220;left_to_right&#8220; shape_divider_position=&#8220;bottom&#8220; bg_image_animation=&#8220;none&#8220; shape_type=&#8220;&#8220;][vc_column column_padding=&#8220;no-extra-padding&#8220; column_padding_tablet=&#8220;inherit&#8220; column_padding_phone=&#8220;inherit&#8220; column_padding_position=&#8220;all&#8220; background_color_opacity=&#8220;1&#8243; background_hover_color_opacity=&#8220;1&#8243; column_shadow=&#8220;none&#8220; column_border_radius=&#8220;none&#8220; column_link_target=&#8220;_self&#8220; gradient_direction=&#8220;left_to_right&#8220; overlay_strength=&#8220;0.3&#8243; width=&#8220;1\/1&#8243; tablet_width_inherit=&#8220;default&#8220; tablet_text_alignment=&#8220;default&#8220; phone_text_alignment=&#8220;default&#8220; column_border_width=&#8220;none&#8220; column_border_style=&#8220;solid&#8220; bg_image_animation=&#8220;none&#8220;][vc_column_text]\n<h2>Golfplatz<\/h2>\n[\/vc_column_text][vc_gallery type=&#8220;image_grid&#8220; images=&#8220;435,449,1804,1767,1783,1749,1746,1730,1741,1721,1708,1712,1698,4198,4186,4216,4132,4105,4084,4075,4036,4018,4021,4000,3964,3973,3982,3952,3994,4183,4147,4156,4162,4003,4201,4009&#8243; layout=&#8220;4&#8243; masonry_style=&#8220;true&#8220; item_spacing=&#8220;3px&#8220; gallery_style=&#8220;7&#8243; load_in_animation=&#8220;none&#8220; img_size=&#8220;full&#8220;][\/vc_column][\/vc_row][vc_row type=&#8220;in_container&#8220; full_screen_row_position=&#8220;middle&#8220; column_margin=&#8220;default&#8220; column_direction=&#8220;default&#8220; column_direction_tablet=&#8220;default&#8220; column_direction_phone=&#8220;default&#8220; scene_position=&#8220;center&#8220; top_padding=&#8220;3%&#8220; text_color=&#8220;dark&#8220; text_align=&#8220;left&#8220; row_border_radius=&#8220;none&#8220; row_border_radius_applies=&#8220;bg&#8220; class=&#8220;noVCINNER&#8220; overlay_strength=&#8220;0.3&#8243; gradient_direction=&#8220;left_to_right&#8220; shape_divider_position=&#8220;bottom&#8220; bg_image_animation=&#8220;none&#8220; shape_type=&#8220;&#8220;][vc_column column_padding=&#8220;no-extra-padding&#8220; column_padding_tablet=&#8220;inherit&#8220; column_padding_phone=&#8220;inherit&#8220; column_padding_position=&#8220;all&#8220; background_color_opacity=&#8220;1&#8243; background_hover_color_opacity=&#8220;1&#8243; column_shadow=&#8220;none&#8220; column_border_radius=&#8220;none&#8220; column_link_target=&#8220;_self&#8220; gradient_direction=&#8220;left_to_right&#8220; overlay_strength=&#8220;0.3&#8243; width=&#8220;1\/1&#8243; tablet_width_inherit=&#8220;default&#8220; tablet_text_alignment=&#8220;default&#8220; phone_text_alignment=&#8220;default&#8220; column_border_width=&#8220;none&#8220; column_border_style=&#8220;solid&#8220; bg_image_animation=&#8220;none&#8220;][vc_column_text]\n<h2>Driving Range<\/h2>\n[\/vc_column_text][vc_gallery type=&#8220;image_grid&#8220; images=&#8220;418,417,416&#8243; layout=&#8220;4&#8243; masonry_style=&#8220;true&#8220; item_spacing=&#8220;3px&#8220; gallery_style=&#8220;7&#8243; load_in_animation=&#8220;none&#8220; img_size=&#8220;full&#8220;][\/vc_column][\/vc_row][vc_row type=&#8220;in_container&#8220; full_screen_row_position=&#8220;middle&#8220; column_margin=&#8220;default&#8220; column_direction=&#8220;default&#8220; column_direction_tablet=&#8220;default&#8220; column_direction_phone=&#8220;default&#8220; scene_position=&#8220;center&#8220; top_padding=&#8220;3%&#8220; text_color=&#8220;dark&#8220; text_align=&#8220;left&#8220; row_border_radius=&#8220;none&#8220; row_border_radius_applies=&#8220;bg&#8220; class=&#8220;noVCINNER&#8220; overlay_strength=&#8220;0.3&#8243; gradient_direction=&#8220;left_to_right&#8220; shape_divider_position=&#8220;bottom&#8220; bg_image_animation=&#8220;none&#8220; shape_type=&#8220;&#8220;][vc_column column_padding=&#8220;no-extra-padding&#8220; column_padding_tablet=&#8220;inherit&#8220; column_padding_phone=&#8220;inherit&#8220; column_padding_position=&#8220;all&#8220; background_color_opacity=&#8220;1&#8243; background_hover_color_opacity=&#8220;1&#8243; column_shadow=&#8220;none&#8220; column_border_radius=&#8220;none&#8220; column_link_target=&#8220;_self&#8220; gradient_direction=&#8220;left_to_right&#8220; overlay_strength=&#8220;0.3&#8243; width=&#8220;1\/1&#8243; tablet_width_inherit=&#8220;default&#8220; tablet_text_alignment=&#8220;default&#8220; phone_text_alignment=&#8220;default&#8220; column_border_width=&#8220;none&#8220; column_border_style=&#8220;solid&#8220; bg_image_animation=&#8220;none&#8220;][vc_column_text]\n<h2>Restaurant<\/h2>\n[\/vc_column_text][vc_gallery type=&#8220;image_grid&#8220; images=&#8220;391,393,392,402,404,413,411,410,409,407,408,387,389,386&#8243; layout=&#8220;4&#8243; masonry_style=&#8220;true&#8220; item_spacing=&#8220;3px&#8220; gallery_style=&#8220;7&#8243; load_in_animation=&#8220;none&#8220; img_size=&#8220;full&#8220;][\/vc_column][\/vc_row]\n","protected":false},"excerpt":{"rendered":"<p>[vc_row type=&ldquo;full_width_background&ldquo; full_screen_row_position=&ldquo;middle&ldquo; column_margin=&ldquo;default&ldquo; column_direction=&ldquo;default&ldquo; column_direction_tablet=&ldquo;default&ldquo; column_direction_phone=&ldquo;default&ldquo; bg_color=&ldquo;#ffffff&ldquo; scene_position=&ldquo;center&ldquo; top_padding=&ldquo;1%&ldquo; bottom_padding=&ldquo;5%&ldquo; text_color=&ldquo;dark&ldquo; text_align=&ldquo;center&ldquo; row_border_radius=&ldquo;none&ldquo; row_border_radius_applies=&ldquo;bg&ldquo; overlay_strength=&ldquo;0.5&Prime; gradient_direction=&ldquo;left_to_right&ldquo; shape_divider_position=&ldquo;bottom&ldquo; bg_image_animation=&ldquo;none&ldquo; shape_type=&ldquo;&ldquo;][vc_column column_padding=&ldquo;no-extra-padding&ldquo; column_padding_tablet=&ldquo;inherit&ldquo; column_padding_phone=&ldquo;inherit&ldquo; column_padding_position=&ldquo;all&ldquo; background_color_opacity=&ldquo;1&Prime; background_hover_color_opacity=&ldquo;1&Prime; column_shadow=&ldquo;none&ldquo; column_border_radius=&ldquo;none&ldquo; column_link_target=&ldquo;_self&ldquo; gradient_direction=&ldquo;left_to_right&ldquo;&#8230;<\/p>\n","protected":false},"author":1,"featured_media":0,"parent":1829,"menu_order":0,"comment_status":"closed","ping_status":"closed","template":"","meta":{"footnotes":""},"yoast_head":"<!-- This site is optimized with the Yoast SEO plugin v22.8 - https:\/\/yoast.com\/wordpress\/plugins\/seo\/ -->\n<title>Gallerie - Golfstvigilseis<\/title>\n<meta name=\"robots\" content=\"index, follow, max-snippet:-1, max-image-preview:large, max-video-preview:-1\" \/>\n<link rel=\"canonical\" href=\"https:\/\/www.golfstvigilseis.it\/de\/golfplatz-preise\/gallerie\/\" \/>\n<meta property=\"og:locale\" content=\"de_DE\" \/>\n<meta property=\"og:type\" content=\"article\" \/>\n<meta property=\"og:title\" content=\"Gallerie - Golfstvigilseis\" \/>\n<meta property=\"og:description\" content=\"[vc_row type=&ldquo;full_width_background&ldquo; full_screen_row_position=&ldquo;middle&ldquo; column_margin=&ldquo;default&ldquo; column_direction=&ldquo;default&ldquo; column_direction_tablet=&ldquo;default&ldquo; column_direction_phone=&ldquo;default&ldquo; bg_color=&ldquo;#ffffff&ldquo; scene_position=&ldquo;center&ldquo; top_padding=&ldquo;1%&ldquo; bottom_padding=&ldquo;5%&ldquo; text_color=&ldquo;dark&ldquo; text_align=&ldquo;center&ldquo; row_border_radius=&ldquo;none&ldquo; row_border_radius_applies=&ldquo;bg&ldquo; overlay_strength=&ldquo;0.5&Prime; gradient_direction=&ldquo;left_to_right&ldquo; shape_divider_position=&ldquo;bottom&ldquo; bg_image_animation=&ldquo;none&ldquo; shape_type=&ldquo;&ldquo;][vc_column column_padding=&ldquo;no-extra-padding&ldquo; column_padding_tablet=&ldquo;inherit&ldquo; column_padding_phone=&ldquo;inherit&ldquo; column_padding_position=&ldquo;all&ldquo; background_color_opacity=&ldquo;1&Prime; background_hover_color_opacity=&ldquo;1&Prime; column_shadow=&ldquo;none&ldquo; column_border_radius=&ldquo;none&ldquo; column_link_target=&ldquo;_self&ldquo; gradient_direction=&ldquo;left_to_right&ldquo;...\" \/>\n<meta property=\"og:url\" content=\"https:\/\/www.golfstvigilseis.it\/de\/golfplatz-preise\/gallerie\/\" \/>\n<meta property=\"og:site_name\" content=\"Golfstvigilseis\" \/>\n<meta property=\"article:modified_time\" content=\"2026-04-02T12:08:04+00:00\" \/>\n<meta name=\"twitter:card\" content=\"summary_large_image\" \/>\n<meta name=\"twitter:label1\" content=\"Gesch\u00e4tzte Lesezeit\" \/>\n\t<meta name=\"twitter:data1\" content=\"2 Minuten\" \/>\n<script type=\"application\/ld+json\" class=\"yoast-schema-graph\">{\"@context\":\"https:\/\/schema.org\",\"@graph\":[{\"@type\":\"WebPage\",\"@id\":\"https:\/\/www.golfstvigilseis.it\/de\/golfplatz-preise\/gallerie\/\",\"url\":\"https:\/\/www.golfstvigilseis.it\/de\/golfplatz-preise\/gallerie\/\",\"name\":\"Gallerie - Golfstvigilseis\",\"isPartOf\":{\"@id\":\"https:\/\/www.golfstvigilseis.it\/de\/#website\"},\"datePublished\":\"2021-02-08T13:52:25+00:00\",\"dateModified\":\"2026-04-02T12:08:04+00:00\",\"breadcrumb\":{\"@id\":\"https:\/\/www.golfstvigilseis.it\/de\/golfplatz-preise\/gallerie\/#breadcrumb\"},\"inLanguage\":\"de-DE\",\"potentialAction\":[{\"@type\":\"ReadAction\",\"target\":[\"https:\/\/www.golfstvigilseis.it\/de\/golfplatz-preise\/gallerie\/\"]}]},{\"@type\":\"BreadcrumbList\",\"@id\":\"https:\/\/www.golfstvigilseis.it\/de\/golfplatz-preise\/gallerie\/#breadcrumb\",\"itemListElement\":[{\"@type\":\"ListItem\",\"position\":1,\"name\":\"Home\",\"item\":\"https:\/\/www.golfstvigilseis.it\/de\/\"},{\"@type\":\"ListItem\",\"position\":2,\"name\":\"Golfplatz &#038; Preise\",\"item\":\"https:\/\/www.golfstvigilseis.it\/de\/golfplatz-preise\/\"},{\"@type\":\"ListItem\",\"position\":3,\"name\":\"Gallerie\"}]},{\"@type\":\"WebSite\",\"@id\":\"https:\/\/www.golfstvigilseis.it\/de\/#website\",\"url\":\"https:\/\/www.golfstvigilseis.it\/de\/\",\"name\":\"Golfstvigilseis\",\"description\":\"Golfstvigilseis\",\"potentialAction\":[{\"@type\":\"SearchAction\",\"target\":{\"@type\":\"EntryPoint\",\"urlTemplate\":\"https:\/\/www.golfstvigilseis.it\/de\/?s={search_term_string}\"},\"query-input\":\"required name=search_term_string\"}],\"inLanguage\":\"de-DE\"}]}<\/script>\n<!-- \/ Yoast SEO plugin. -->","yoast_head_json":{"title":"Gallerie - Golfstvigilseis","robots":{"index":"index","follow":"follow","max-snippet":"max-snippet:-1","max-image-preview":"max-image-preview:large","max-video-preview":"max-video-preview:-1"},"canonical":"https:\/\/www.golfstvigilseis.it\/de\/golfplatz-preise\/gallerie\/","og_locale":"de_DE","og_type":"article","og_title":"Gallerie - Golfstvigilseis","og_description":"[vc_row type=&ldquo;full_width_background&ldquo; full_screen_row_position=&ldquo;middle&ldquo; column_margin=&ldquo;default&ldquo; column_direction=&ldquo;default&ldquo; column_direction_tablet=&ldquo;default&ldquo; column_direction_phone=&ldquo;default&ldquo; bg_color=&ldquo;#ffffff&ldquo; scene_position=&ldquo;center&ldquo; top_padding=&ldquo;1%&ldquo; bottom_padding=&ldquo;5%&ldquo; text_color=&ldquo;dark&ldquo; text_align=&ldquo;center&ldquo; row_border_radius=&ldquo;none&ldquo; row_border_radius_applies=&ldquo;bg&ldquo; overlay_strength=&ldquo;0.5&Prime; gradient_direction=&ldquo;left_to_right&ldquo; shape_divider_position=&ldquo;bottom&ldquo; bg_image_animation=&ldquo;none&ldquo; shape_type=&ldquo;&ldquo;][vc_column column_padding=&ldquo;no-extra-padding&ldquo; column_padding_tablet=&ldquo;inherit&ldquo; column_padding_phone=&ldquo;inherit&ldquo; column_padding_position=&ldquo;all&ldquo; background_color_opacity=&ldquo;1&Prime; background_hover_color_opacity=&ldquo;1&Prime; column_shadow=&ldquo;none&ldquo; column_border_radius=&ldquo;none&ldquo; column_link_target=&ldquo;_self&ldquo; gradient_direction=&ldquo;left_to_right&ldquo;...","og_url":"https:\/\/www.golfstvigilseis.it\/de\/golfplatz-preise\/gallerie\/","og_site_name":"Golfstvigilseis","article_modified_time":"2026-04-02T12:08:04+00:00","twitter_card":"summary_large_image","twitter_misc":{"Gesch\u00e4tzte Lesezeit":"2 Minuten"},"schema":{"@context":"https:\/\/schema.org","@graph":[{"@type":"WebPage","@id":"https:\/\/www.golfstvigilseis.it\/de\/golfplatz-preise\/gallerie\/","url":"https:\/\/www.golfstvigilseis.it\/de\/golfplatz-preise\/gallerie\/","name":"Gallerie - Golfstvigilseis","isPartOf":{"@id":"https:\/\/www.golfstvigilseis.it\/de\/#website"},"datePublished":"2021-02-08T13:52:25+00:00","dateModified":"2026-04-02T12:08:04+00:00","breadcrumb":{"@id":"https:\/\/www.golfstvigilseis.it\/de\/golfplatz-preise\/gallerie\/#breadcrumb"},"inLanguage":"de-DE","potentialAction":[{"@type":"ReadAction","target":["https:\/\/www.golfstvigilseis.it\/de\/golfplatz-preise\/gallerie\/"]}]},{"@type":"BreadcrumbList","@id":"https:\/\/www.golfstvigilseis.it\/de\/golfplatz-preise\/gallerie\/#breadcrumb","itemListElement":[{"@type":"ListItem","position":1,"name":"Home","item":"https:\/\/www.golfstvigilseis.it\/de\/"},{"@type":"ListItem","position":2,"name":"Golfplatz &#038; Preise","item":"https:\/\/www.golfstvigilseis.it\/de\/golfplatz-preise\/"},{"@type":"ListItem","position":3,"name":"Gallerie"}]},{"@type":"WebSite","@id":"https:\/\/www.golfstvigilseis.it\/de\/#website","url":"https:\/\/www.golfstvigilseis.it\/de\/","name":"Golfstvigilseis","description":"Golfstvigilseis","potentialAction":[{"@type":"SearchAction","target":{"@type":"EntryPoint","urlTemplate":"https:\/\/www.golfstvigilseis.it\/de\/?s={search_term_string}"},"query-input":"required name=search_term_string"}],"inLanguage":"de-DE"}]}},"_links":{"self":[{"href":"https:\/\/www.golfstvigilseis.it\/de\/wp-json\/wp\/v2\/pages\/1835"}],"collection":[{"href":"https:\/\/www.golfstvigilseis.it\/de\/wp-json\/wp\/v2\/pages"}],"about":[{"href":"https:\/\/www.golfstvigilseis.it\/de\/wp-json\/wp\/v2\/types\/page"}],"author":[{"embeddable":true,"href":"https:\/\/www.golfstvigilseis.it\/de\/wp-json\/wp\/v2\/users\/1"}],"replies":[{"embeddable":true,"href":"https:\/\/www.golfstvigilseis.it\/de\/wp-json\/wp\/v2\/comments?post=1835"}],"version-history":[{"count":1,"href":"https:\/\/www.golfstvigilseis.it\/de\/wp-json\/wp\/v2\/pages\/1835\/revisions"}],"predecessor-version":[{"id":8439,"href":"https:\/\/www.golfstvigilseis.it\/de\/wp-json\/wp\/v2\/pages\/1835\/revisions\/8439"}],"up":[{"embeddable":true,"href":"https:\/\/www.golfstvigilseis.it\/de\/wp-json\/wp\/v2\/pages\/1829"}],"wp:attachment":[{"href":"https:\/\/www.golfstvigilseis.it\/de\/wp-json\/wp\/v2\/media?parent=1835"}],"curies":[{"name":"wp","href":"https:\/\/api.w.org\/{rel}","templated":true}]}}