{"id":1839,"date":"2021-02-08T14:52:42","date_gmt":"2021-02-08T13:52:42","guid":{"rendered":"https:\/\/www2.golfstvigilseis.it\/campo-e-prezzi\/regole\/"},"modified":"2025-04-10T15:26:56","modified_gmt":"2025-04-10T13:26:56","slug":"regeln","status":"publish","type":"page","link":"https:\/\/www.golfstvigilseis.it\/de\/golfplatz-preise\/regeln\/","title":{"rendered":"Regeln"},"content":{"rendered":"[vc_row type=&#8220;full_width_background&#8220; full_screen_row_position=&#8220;middle&#8220; column_margin=&#8220;default&#8220; column_direction=&#8220;default&#8220; column_direction_tablet=&#8220;default&#8220; column_direction_phone=&#8220;default&#8220; bg_color=&#8220;#005537&#8243; bg_image=&#8220;442&#8243; bg_position=&#8220;left top&#8220; bg_repeat=&#8220;no-repeat&#8220; scene_position=&#8220;center&#8220; top_padding=&#8220;4%&#8220; bottom_padding=&#8220;1%&#8220; text_color=&#8220;light&#8220; text_align=&#8220;left&#8220; row_border_radius=&#8220;none&#8220; row_border_radius_applies=&#8220;bg&#8220; disable_element=&#8220;yes&#8220; color_overlay=&#8220;#0a0a0a&#8220; overlay_strength=&#8220;0.8&#8243; gradient_direction=&#8220;left_to_right&#8220; shape_divider_position=&#8220;bottom&#8220; bg_image_animation=&#8220;none&#8220; parallax_bg=&#8220;true&#8220; parallax_bg_speed=&#8220;fast&#8220; shape_type=&#8220;&#8220;][vc_column column_padding=&#8220;no-extra-padding&#8220; column_padding_tablet=&#8220;inherit&#8220; column_padding_phone=&#8220;inherit&#8220; column_padding_position=&#8220;all&#8220; background_color_opacity=&#8220;1&#8243; background_hover_color_opacity=&#8220;1&#8243; column_shadow=&#8220;none&#8220; column_border_radius=&#8220;none&#8220; column_link_target=&#8220;_self&#8220; gradient_direction=&#8220;left_to_right&#8220; overlay_strength=&#8220;0.3&#8243; width=&#8220;1\/1&#8243; tablet_width_inherit=&#8220;default&#8220; tablet_text_alignment=&#8220;default&#8220; phone_text_alignment=&#8220;default&#8220; column_border_width=&#8220;none&#8220; column_border_style=&#8220;solid&#8220; bg_image_animation=&#8220;none&#8220;][vc_row_inner column_margin=&#8220;default&#8220; column_direction=&#8220;default&#8220; column_direction_tablet=&#8220;default&#8220; column_direction_phone=&#8220;default&#8220; text_align=&#8220;left&#8220;][vc_column_inner column_padding=&#8220;no-extra-padding&#8220; column_padding_tablet=&#8220;inherit&#8220; column_padding_phone=&#8220;inherit&#8220; column_padding_position=&#8220;all&#8220; centered_text=&#8220;true&#8220; background_color_opacity=&#8220;1&#8243; background_hover_color_opacity=&#8220;1&#8243; column_shadow=&#8220;none&#8220; column_border_radius=&#8220;none&#8220; column_link_target=&#8220;_self&#8220; gradient_direction=&#8220;left_to_right&#8220; overlay_strength=&#8220;0.3&#8243; width=&#8220;1\/1&#8243; tablet_width_inherit=&#8220;default&#8220; column_border_width=&#8220;none&#8220; column_border_style=&#8220;solid&#8220; bg_image_animation=&#8220;none&#8220; enable_animation=&#8220;true&#8220; animation=&#8220;fade-in-from-bottom&#8220; delay=&#8220;100&#8243;][vc_custom_heading text=&#8220;Neue Regeln Covid 19&#8243; font_container=&#8220;tag:h4|font_size:94|text_align:center|color:%23ffffff|line_height:114px&#8220; use_theme_fonts=&#8220;yes&#8220; css_animation=&#8220;none&#8220; css=&#8220;.vc_custom_1618400294516{margin-bottom: -10px !important;}&#8220;][\/vc_column_inner][\/vc_row_inner][vc_custom_heading text=&#8220;Protokoll der neuen Regeln, Empfehlungen und Anleitungen (originale FIG-Version)&#8220; font_container=&#8220;tag:p|font_size:20|text_align:center|color:%23ffffff|line_height:26px&#8220; use_theme_fonts=&#8220;yes&#8220; css_animation=&#8220;none&#8220; css=&#8220;.vc_custom_1611139494925{margin-bottom: -10px !important;}&#8220;][vc_row_inner column_margin=&#8220;default&#8220; column_direction=&#8220;default&#8220; column_direction_tablet=&#8220;default&#8220; column_direction_phone=&#8220;default&#8220; bottom_padding=&#8220;5%&#8220; text_align=&#8220;left&#8220;][vc_column_inner column_padding=&#8220;no-extra-padding&#8220; column_padding_tablet=&#8220;inherit&#8220; column_padding_phone=&#8220;inherit&#8220; column_padding_position=&#8220;all&#8220; centered_text=&#8220;true&#8220; background_color_opacity=&#8220;1&#8243; background_hover_color_opacity=&#8220;1&#8243; column_shadow=&#8220;none&#8220; column_border_radius=&#8220;none&#8220; column_link_target=&#8220;_self&#8220; gradient_direction=&#8220;left_to_right&#8220; overlay_strength=&#8220;0.3&#8243; width=&#8220;1\/1&#8243; tablet_width_inherit=&#8220;default&#8220; column_border_width=&#8220;none&#8220; column_border_style=&#8220;solid&#8220; bg_image_animation=&#8220;none&#8220; enable_animation=&#8220;true&#8220; animation=&#8220;grow-in&#8220; delay=&#8220;300&#8243;][nectar_btn size=&#8220;large&#8220; open_new_tab=&#8220;true&#8220; button_style=&#8220;regular&#8220; button_color_2=&#8220;Extra-Color-1&#8243; color_override=&#8220;#ff0000&#8243; solid_text_color_override=&#8220;#ffffff&#8220; icon_family=&#8220;default_arrow&#8220; url=&#8220;https:\/\/www.golfstvigilseis.it\/wp-content\/uploads\/2021\/04\/Golf_St_Vigil_Seis_Covid19_Regeln_2021-3.pdf&#8220; text=&#8220;NOTFALL COVID-19&#8243; margin_top=&#8220;30&#8243;][\/vc_column_inner][\/vc_row_inner][\/vc_column][\/vc_row][vc_row type=&#8220;in_container&#8220; full_screen_row_position=&#8220;middle&#8220; column_margin=&#8220;default&#8220; column_direction=&#8220;default&#8220; column_direction_tablet=&#8220;default&#8220; column_direction_phone=&#8220;default&#8220; bg_color=&#8220;#ffffff&#8220; scene_position=&#8220;center&#8220; top_padding=&#8220;5%&#8220; text_color=&#8220;dark&#8220; text_align=&#8220;left&#8220; row_border_radius=&#8220;none&#8220; row_border_radius_applies=&#8220;bg&#8220; overlay_strength=&#8220;0.3&#8243; gradient_direction=&#8220;left_to_right&#8220; shape_divider_position=&#8220;both&#8220; shape_divider_height=&#8220;150&#8243; bg_image_animation=&#8220;none&#8220; shape_type=&#8220;waves_opacity_alt&#8220;][vc_column column_padding=&#8220;no-extra-padding&#8220; column_padding_tablet=&#8220;inherit&#8220; column_padding_phone=&#8220;inherit&#8220; column_padding_position=&#8220;all&#8220; background_color_opacity=&#8220;1&#8243; background_hover_color_opacity=&#8220;1&#8243; column_shadow=&#8220;none&#8220; column_border_radius=&#8220;none&#8220; column_link_target=&#8220;_self&#8220; gradient_direction=&#8220;left_to_right&#8220; overlay_strength=&#8220;0.3&#8243; width=&#8220;1\/1&#8243; tablet_width_inherit=&#8220;default&#8220; tablet_text_alignment=&#8220;default&#8220; phone_text_alignment=&#8220;default&#8220; column_border_width=&#8220;none&#8220; column_border_style=&#8220;solid&#8220; bg_image_animation=&#8220;none&#8220;][vc_column_text el_class=&#8220;dark&#8220;]\n<section class=\"container text-body-section\">\n<div class=\"row\">\n<div class=\"col \">\n<h2 style=\"text-align: center;\">Die Platzregeln auf unserem Golfplatz St. Vigil Seis<\/h2>\n<p>&nbsp;<\/p>\n<p style=\"text-align: center;\">Gespielt wird nach den aktuellen offiziellen Golfregeln der R&amp;A und USGA, den allgemeinen und spezifischen Wettspielbedingungen und nach den folgenden zus\u00e4tzlichen Platzregeln.<br \/>\nDoch die wichtigste Regel des Golfsports ist und bleibt der \u201eSpirit of Game\u201c. Sportsgeist und Fairplay sind die Voraussetzung f\u00fcr ein rundum gelungenes Spiel auf unserem Golfplatz St. Vigil Seis im Antlitz der Dolomiten.<\/p>\n<p>&nbsp;<\/p>\n<\/div>\n<\/div>\n<\/section>\n[\/vc_column_text][\/vc_column][\/vc_row][vc_row type=&#8220;in_container&#8220; full_screen_row_position=&#8220;middle&#8220; column_margin=&#8220;default&#8220; column_direction=&#8220;default&#8220; column_direction_tablet=&#8220;default&#8220; column_direction_phone=&#8220;default&#8220; bg_color=&#8220;#005537&#8243; scene_position=&#8220;center&#8220; top_padding=&#8220;5%&#8220; bottom_padding=&#8220;5%&#8220; text_color=&#8220;dark&#8220; text_align=&#8220;left&#8220; row_border_radius=&#8220;none&#8220; row_border_radius_applies=&#8220;bg&#8220; overlay_strength=&#8220;0.3&#8243; gradient_direction=&#8220;left_to_right&#8220; enable_shape_divider=&#8220;true&#8220; shape_divider_position=&#8220;both&#8220; shape_divider_height=&#8220;150&#8243; bg_image_animation=&#8220;none&#8220; shape_type=&#8220;waves&#8220;][vc_column column_padding=&#8220;no-extra-padding&#8220; column_padding_tablet=&#8220;inherit&#8220; column_padding_phone=&#8220;inherit&#8220; column_padding_position=&#8220;all&#8220; background_color_opacity=&#8220;1&#8243; background_hover_color_opacity=&#8220;1&#8243; column_shadow=&#8220;none&#8220; column_border_radius=&#8220;none&#8220; column_link_target=&#8220;_self&#8220; gradient_direction=&#8220;left_to_right&#8220; overlay_strength=&#8220;0.3&#8243; width=&#8220;1\/1&#8243; tablet_width_inherit=&#8220;default&#8220; tablet_text_alignment=&#8220;default&#8220; phone_text_alignment=&#8220;default&#8220; column_border_width=&#8220;none&#8220; column_border_style=&#8220;solid&#8220; bg_image_animation=&#8220;none&#8220;][vc_column_text el_class=&#8220;dark&#8220;]\n<h3><\/h3>\n<h3 style=\"text-align: left;\"><span style=\"font-weight: 400; color: #ffffff;\">AUS &amp; PLATZGRENZEN (Regel 18)<\/span><\/h3>\n<p style=\"text-align: left;\"><span style=\"font-weight: 400; color: #ffffff;\">Wenn ein Ball auf oder jenseits der Stra\u00dfe zur Ruhe kommt (Loch 1\/Loch 2), ist er \u201eaus\u201c, auch wenn er in einem anderen Bereich des Platzes zur Ruhe kommt, der f\u00fcr andere L\u00f6cher nicht im Aus liegt.<br \/>\nAlle Ausgrenzen werden durch wei\u00dfe Pf\u00e4hle, Linien oder wei\u00df markierte Z\u00e4une gekennzeichnet. Bei den Z\u00e4unen gilt die Innenseite des Zaunes als Ausgrenze.<\/span><\/p>\n<h3 style=\"text-align: left;\"><\/h3>\n<h3 style=\"text-align: left;\"><span style=\"font-weight: 400; color: #ffffff;\">PENALTY AREAS (Regel 17)<\/span><\/h3>\n<p style=\"text-align: left;\"><span style=\"font-weight: 400; color: #ffffff;\">Alle Penalty Areas auf dem Platz sind durch gelbe oder rote Pfosten gekennzeichnet. Diese gelten als bewegliche Hemmnisse.<\/span><\/p>\n<h3 style=\"text-align: left;\"><span style=\"font-weight: 400; color: #ffffff;\">PROVISORISCHER BALL F\u00dcR EINEN BALL IN EINER PENALTY AREA (Regel 18)<\/span><\/h3>\n<p style=\"text-align: left;\"><span style=\"font-weight: 400; color: #ffffff;\">Nach Regel 18.3 darf ein Spieler keinen provisorischen Ball spielen, wenn es bekannt oder so gut wie sicher ist, dass der Ball in der Penalty Area zur Ruhe gekommen ist.<\/span><\/p>\n<p style=\"text-align: left;\"><span style=\"font-weight: 400; color: #ffffff;\">Ausnahmeregelung: Wei\u00df ein Spieler aber nicht, ob sich sein Ball in der Penalty Area (Loch 1) befindet, darf er einen provisorischen Ball nach Regel 18.3 spielen. Wurde der Ball in der Penalty Area innerhalb der 3 Minuten Suchzeit gefunden,mu\u00df der Spieler mit seinem urspr\u00fcnglichen Ball, so wie er in der Penalty Area liegt, weiterspielen.<\/span><\/p>\n<h3 style=\"text-align: left;\"><span style=\"font-weight: 400; color: #ffffff;\">DROP-ZONEN (Regel 14))<\/span><\/h3>\n<p style=\"text-align: left;\"><span style=\"font-weight: 400; color: #ffffff;\">Wenn der Ball innerhalb einer Penalty Area liegt (Loch 3\/Loch 4\/Loch 6) oder, obwohl nicht gefunden, es bekannt oder so gut wie sicher ist, dass er innerhalb einer Penalty Area zur Ruhe gekommen ist, darf der Spieler einen anderen Ball mit einem Strafschlag innerhalb der Drop-Zone droppen ( Loch 3 ev. hinter dem Graben\/Loch 4 vor dem Abschlag bei der Br\u00fccke). Die Drop-Zone gilt als Erleichterungsbereich nach Regel 14.3.<br \/>\n<strong>Drop-Zone Loch 6:<\/strong> Alle B\u00e4lle, welche vom Abschlag in der Penalty Area links zur Ruhe kommen, <strong>\u201em\u00fcssen\u201c<\/strong> von der Drop-Zone vorne gespielt werden. Ein Zuwiderhandeln wird als Spielen eines Balls vom falschen Ort angesehen (Regel<br \/>\n14.7a).<\/span><\/p>\n<h3 style=\"text-align: left;\"><span style=\"font-weight: 400; color: #ffffff;\">UNBEWEGLICHE HEMMNISSE (Regel 16)<\/span><\/h3>\n<p style=\"text-align: left;\"><span style=\"font-weight: 400; color: #ffffff;\">Alle Stra\u00dfen und Pfade, Werbeschilder, H\u00fctten und Z\u00e4une auf dem Platz werden, auch wenn sie keine k\u00fcnstliche Oberfl\u00e4che aufweisen, als unbewegliche Hemmnisse behandelt, f\u00fcr die eine straflose Erleichterung nach Regel 16.1 zul\u00e4ssig ist.<br \/>\nDrainagegr\u00e4ben, die aus k\u00fcnstlichem Material hergestellt sind und neben einem Weg verlaufen (z.B. Loch 8), werden als unbewegliche Hemmnisse im Gel\u00e4nde behandelt und sind Teil des Weges.<\/span><\/p>\n<h3 style=\"text-align: left;\"><span style=\"font-weight: 400; color: #ffffff;\">SPIELUNTERBRECHUNG (Regel 5)<\/span><\/h3>\n<p style=\"text-align: left;\"><span style=\"font-weight: 400; color: #ffffff;\">Eine Spielunterbrechung in einer gef\u00e4hrlichen Situation wird durch einen Hupton bekanntgegeben. Die Wiederaufnahme wird durch zwei Hupt\u00f6ne bekanntgegeben (Regel 5.7b).<\/span><\/p>\n<h3 style=\"text-align: left;\"><span style=\"font-weight: 400; color: #ffffff;\">UNANGEMESSENE VERZ\u00d6GERUNG (Regel 5)<\/span><\/h3>\n<p style=\"text-align: left;\"><span style=\"font-weight: 400; color: #ffffff;\">Ein Spieler oder eine Gruppe darf das Spiel weder beim Spielen eines Loches noch zwischen zwei L\u00f6chern unangemessen verz\u00f6gern. Eine Ermahnung oder Belegung mit Strafschl\u00e4gen kann die Folge sein.<\/span><\/p>\n<h3 style=\"text-align: left;\"><span style=\"font-weight: 400; color: #ffffff;\">ABGABE DER Z\u00c4HLKARTE (Regel 3.3b)<\/span><\/h3>\n<p style=\"text-align: left;\"><span style=\"font-weight: 400; color: #ffffff;\">Z\u00e4hlkarten sind unverz\u00fcglich nach Beendigung der Runde im Sekretariat (Skoring Area) abzugeben. Ergebnisse, welche nicht ersichtlich lesbar sind, werden im Z\u00e4hlspiel (Stableford) f\u00fcr das betreffende Loch nicht akzeptiert und mit keinem<br \/>\nResultat gewertet. Im Z\u00e4hlspiel hat dies eine Disqualifikation zur Folge. Jeder Spieler ist f\u00fcr seine eigene Z\u00e4hlkarte verantwortlich.<\/span><\/p>\n<h3 style=\"text-align: left;\"><span style=\"font-weight: 400; color: #ffffff;\">ABSCHLAGSMARKIERUNGEN<\/span><\/h3>\n<p style=\"text-align: left;\"><span style=\"font-weight: 400; color: #ffffff;\">Herren: wei\u00df, gelb<\/span><\/p>\n<p style=\"text-align: left;\"><span style=\"font-weight: 400; color: #ffffff;\">Damen: blau, rot<\/span><\/p>\n[\/vc_column_text][\/vc_column][\/vc_row]\n","protected":false},"excerpt":{"rendered":"<p>[vc_row type=&ldquo;full_width_background&ldquo; full_screen_row_position=&ldquo;middle&ldquo; column_margin=&ldquo;default&ldquo; column_direction=&ldquo;default&ldquo; column_direction_tablet=&ldquo;default&ldquo; column_direction_phone=&ldquo;default&ldquo; bg_color=&ldquo;#005537&Prime; bg_image=&ldquo;442&Prime; bg_position=&ldquo;left top&ldquo; bg_repeat=&ldquo;no-repeat&ldquo; scene_position=&ldquo;center&ldquo; top_padding=&ldquo;4%&ldquo; bottom_padding=&ldquo;1%&ldquo; text_color=&ldquo;light&ldquo; text_align=&ldquo;left&ldquo; row_border_radius=&ldquo;none&ldquo; row_border_radius_applies=&ldquo;bg&ldquo; disable_element=&ldquo;yes&ldquo; color_overlay=&ldquo;#0a0a0a&ldquo; overlay_strength=&ldquo;0.8&Prime; gradient_direction=&ldquo;left_to_right&ldquo; shape_divider_position=&ldquo;bottom&ldquo; bg_image_animation=&ldquo;none&ldquo; parallax_bg=&ldquo;true&ldquo; parallax_bg_speed=&ldquo;fast&ldquo; shape_type=&ldquo;&ldquo;][vc_column column_padding=&ldquo;no-extra-padding&ldquo; column_padding_tablet=&ldquo;inherit&ldquo;&#8230;<\/p>\n","protected":false},"author":1,"featured_media":0,"parent":1829,"menu_order":0,"comment_status":"closed","ping_status":"closed","template":"","meta":{"footnotes":""},"yoast_head":"<!-- This site is optimized with the Yoast SEO plugin v22.8 - https:\/\/yoast.com\/wordpress\/plugins\/seo\/ -->\n<title>Regeln - Golfstvigilseis<\/title>\n<meta name=\"robots\" content=\"index, follow, max-snippet:-1, max-image-preview:large, max-video-preview:-1\" \/>\n<link rel=\"canonical\" href=\"https:\/\/www.golfstvigilseis.it\/de\/golfplatz-preise\/regeln\/\" \/>\n<meta property=\"og:locale\" content=\"de_DE\" \/>\n<meta property=\"og:type\" content=\"article\" \/>\n<meta property=\"og:title\" content=\"Regeln - Golfstvigilseis\" \/>\n<meta property=\"og:description\" content=\"[vc_row type=&ldquo;full_width_background&ldquo; full_screen_row_position=&ldquo;middle&ldquo; column_margin=&ldquo;default&ldquo; column_direction=&ldquo;default&ldquo; column_direction_tablet=&ldquo;default&ldquo; column_direction_phone=&ldquo;default&ldquo; bg_color=&ldquo;#005537&Prime; bg_image=&ldquo;442&Prime; bg_position=&ldquo;left top&ldquo; bg_repeat=&ldquo;no-repeat&ldquo; scene_position=&ldquo;center&ldquo; top_padding=&ldquo;4%&ldquo; bottom_padding=&ldquo;1%&ldquo; text_color=&ldquo;light&ldquo; text_align=&ldquo;left&ldquo; row_border_radius=&ldquo;none&ldquo; row_border_radius_applies=&ldquo;bg&ldquo; disable_element=&ldquo;yes&ldquo; color_overlay=&ldquo;#0a0a0a&ldquo; overlay_strength=&ldquo;0.8&Prime; gradient_direction=&ldquo;left_to_right&ldquo; shape_divider_position=&ldquo;bottom&ldquo; bg_image_animation=&ldquo;none&ldquo; parallax_bg=&ldquo;true&ldquo; parallax_bg_speed=&ldquo;fast&ldquo; shape_type=&ldquo;&ldquo;][vc_column column_padding=&ldquo;no-extra-padding&ldquo; column_padding_tablet=&ldquo;inherit&ldquo;...\" \/>\n<meta property=\"og:url\" content=\"https:\/\/www.golfstvigilseis.it\/de\/golfplatz-preise\/regeln\/\" \/>\n<meta property=\"og:site_name\" content=\"Golfstvigilseis\" \/>\n<meta property=\"article:modified_time\" content=\"2025-04-10T13:26:56+00:00\" \/>\n<meta name=\"twitter:card\" content=\"summary_large_image\" \/>\n<meta name=\"twitter:label1\" content=\"Gesch\u00e4tzte Lesezeit\" \/>\n\t<meta name=\"twitter:data1\" content=\"4 Minuten\" \/>\n<script type=\"application\/ld+json\" class=\"yoast-schema-graph\">{\"@context\":\"https:\/\/schema.org\",\"@graph\":[{\"@type\":\"WebPage\",\"@id\":\"https:\/\/www.golfstvigilseis.it\/de\/golfplatz-preise\/regeln\/\",\"url\":\"https:\/\/www.golfstvigilseis.it\/de\/golfplatz-preise\/regeln\/\",\"name\":\"Regeln - Golfstvigilseis\",\"isPartOf\":{\"@id\":\"https:\/\/www.golfstvigilseis.it\/de\/#website\"},\"datePublished\":\"2021-02-08T13:52:42+00:00\",\"dateModified\":\"2025-04-10T13:26:56+00:00\",\"breadcrumb\":{\"@id\":\"https:\/\/www.golfstvigilseis.it\/de\/golfplatz-preise\/regeln\/#breadcrumb\"},\"inLanguage\":\"de-DE\",\"potentialAction\":[{\"@type\":\"ReadAction\",\"target\":[\"https:\/\/www.golfstvigilseis.it\/de\/golfplatz-preise\/regeln\/\"]}]},{\"@type\":\"BreadcrumbList\",\"@id\":\"https:\/\/www.golfstvigilseis.it\/de\/golfplatz-preise\/regeln\/#breadcrumb\",\"itemListElement\":[{\"@type\":\"ListItem\",\"position\":1,\"name\":\"Home\",\"item\":\"https:\/\/www.golfstvigilseis.it\/de\/\"},{\"@type\":\"ListItem\",\"position\":2,\"name\":\"Golfplatz &#038; Preise\",\"item\":\"https:\/\/www.golfstvigilseis.it\/de\/golfplatz-preise\/\"},{\"@type\":\"ListItem\",\"position\":3,\"name\":\"Regeln\"}]},{\"@type\":\"WebSite\",\"@id\":\"https:\/\/www.golfstvigilseis.it\/de\/#website\",\"url\":\"https:\/\/www.golfstvigilseis.it\/de\/\",\"name\":\"Golfstvigilseis\",\"description\":\"Golfstvigilseis\",\"potentialAction\":[{\"@type\":\"SearchAction\",\"target\":{\"@type\":\"EntryPoint\",\"urlTemplate\":\"https:\/\/www.golfstvigilseis.it\/de\/?s={search_term_string}\"},\"query-input\":\"required name=search_term_string\"}],\"inLanguage\":\"de-DE\"}]}<\/script>\n<!-- \/ Yoast SEO plugin. -->","yoast_head_json":{"title":"Regeln - Golfstvigilseis","robots":{"index":"index","follow":"follow","max-snippet":"max-snippet:-1","max-image-preview":"max-image-preview:large","max-video-preview":"max-video-preview:-1"},"canonical":"https:\/\/www.golfstvigilseis.it\/de\/golfplatz-preise\/regeln\/","og_locale":"de_DE","og_type":"article","og_title":"Regeln - Golfstvigilseis","og_description":"[vc_row type=&ldquo;full_width_background&ldquo; full_screen_row_position=&ldquo;middle&ldquo; column_margin=&ldquo;default&ldquo; column_direction=&ldquo;default&ldquo; column_direction_tablet=&ldquo;default&ldquo; column_direction_phone=&ldquo;default&ldquo; bg_color=&ldquo;#005537&Prime; bg_image=&ldquo;442&Prime; bg_position=&ldquo;left top&ldquo; bg_repeat=&ldquo;no-repeat&ldquo; scene_position=&ldquo;center&ldquo; top_padding=&ldquo;4%&ldquo; bottom_padding=&ldquo;1%&ldquo; text_color=&ldquo;light&ldquo; text_align=&ldquo;left&ldquo; row_border_radius=&ldquo;none&ldquo; row_border_radius_applies=&ldquo;bg&ldquo; disable_element=&ldquo;yes&ldquo; color_overlay=&ldquo;#0a0a0a&ldquo; overlay_strength=&ldquo;0.8&Prime; gradient_direction=&ldquo;left_to_right&ldquo; shape_divider_position=&ldquo;bottom&ldquo; bg_image_animation=&ldquo;none&ldquo; parallax_bg=&ldquo;true&ldquo; parallax_bg_speed=&ldquo;fast&ldquo; shape_type=&ldquo;&ldquo;][vc_column column_padding=&ldquo;no-extra-padding&ldquo; column_padding_tablet=&ldquo;inherit&ldquo;...","og_url":"https:\/\/www.golfstvigilseis.it\/de\/golfplatz-preise\/regeln\/","og_site_name":"Golfstvigilseis","article_modified_time":"2025-04-10T13:26:56+00:00","twitter_card":"summary_large_image","twitter_misc":{"Gesch\u00e4tzte Lesezeit":"4 Minuten"},"schema":{"@context":"https:\/\/schema.org","@graph":[{"@type":"WebPage","@id":"https:\/\/www.golfstvigilseis.it\/de\/golfplatz-preise\/regeln\/","url":"https:\/\/www.golfstvigilseis.it\/de\/golfplatz-preise\/regeln\/","name":"Regeln - Golfstvigilseis","isPartOf":{"@id":"https:\/\/www.golfstvigilseis.it\/de\/#website"},"datePublished":"2021-02-08T13:52:42+00:00","dateModified":"2025-04-10T13:26:56+00:00","breadcrumb":{"@id":"https:\/\/www.golfstvigilseis.it\/de\/golfplatz-preise\/regeln\/#breadcrumb"},"inLanguage":"de-DE","potentialAction":[{"@type":"ReadAction","target":["https:\/\/www.golfstvigilseis.it\/de\/golfplatz-preise\/regeln\/"]}]},{"@type":"BreadcrumbList","@id":"https:\/\/www.golfstvigilseis.it\/de\/golfplatz-preise\/regeln\/#breadcrumb","itemListElement":[{"@type":"ListItem","position":1,"name":"Home","item":"https:\/\/www.golfstvigilseis.it\/de\/"},{"@type":"ListItem","position":2,"name":"Golfplatz &#038; Preise","item":"https:\/\/www.golfstvigilseis.it\/de\/golfplatz-preise\/"},{"@type":"ListItem","position":3,"name":"Regeln"}]},{"@type":"WebSite","@id":"https:\/\/www.golfstvigilseis.it\/de\/#website","url":"https:\/\/www.golfstvigilseis.it\/de\/","name":"Golfstvigilseis","description":"Golfstvigilseis","potentialAction":[{"@type":"SearchAction","target":{"@type":"EntryPoint","urlTemplate":"https:\/\/www.golfstvigilseis.it\/de\/?s={search_term_string}"},"query-input":"required name=search_term_string"}],"inLanguage":"de-DE"}]}},"_links":{"self":[{"href":"https:\/\/www.golfstvigilseis.it\/de\/wp-json\/wp\/v2\/pages\/1839"}],"collection":[{"href":"https:\/\/www.golfstvigilseis.it\/de\/wp-json\/wp\/v2\/pages"}],"about":[{"href":"https:\/\/www.golfstvigilseis.it\/de\/wp-json\/wp\/v2\/types\/page"}],"author":[{"embeddable":true,"href":"https:\/\/www.golfstvigilseis.it\/de\/wp-json\/wp\/v2\/users\/1"}],"replies":[{"embeddable":true,"href":"https:\/\/www.golfstvigilseis.it\/de\/wp-json\/wp\/v2\/comments?post=1839"}],"version-history":[{"count":3,"href":"https:\/\/www.golfstvigilseis.it\/de\/wp-json\/wp\/v2\/pages\/1839\/revisions"}],"predecessor-version":[{"id":7551,"href":"https:\/\/www.golfstvigilseis.it\/de\/wp-json\/wp\/v2\/pages\/1839\/revisions\/7551"}],"up":[{"embeddable":true,"href":"https:\/\/www.golfstvigilseis.it\/de\/wp-json\/wp\/v2\/pages\/1829"}],"wp:attachment":[{"href":"https:\/\/www.golfstvigilseis.it\/de\/wp-json\/wp\/v2\/media?parent=1839"}],"curies":[{"name":"wp","href":"https:\/\/api.w.org\/{rel}","templated":true}]}}