{"id":1841,"date":"2021-02-08T14:53:09","date_gmt":"2021-02-08T13:53:09","guid":{"rendered":"https:\/\/www2.golfstvigilseis.it\/come-arrivare\/"},"modified":"2021-03-04T15:08:23","modified_gmt":"2021-03-04T14:08:23","slug":"so-kommen-sie-zu-uns","status":"publish","type":"page","link":"https:\/\/www.golfstvigilseis.it\/de\/so-kommen-sie-zu-uns\/","title":{"rendered":"So kommen Sie zu uns"},"content":{"rendered":"[vc_row type=&#8220;full_width_background&#8220; full_screen_row_position=&#8220;middle&#8220; column_margin=&#8220;default&#8220; column_direction=&#8220;default&#8220; column_direction_tablet=&#8220;default&#8220; column_direction_phone=&#8220;default&#8220; bg_color=&#8220;#ffffff&#8220; scene_position=&#8220;center&#8220; top_padding=&#8220;1%&#8220; text_color=&#8220;dark&#8220; text_align=&#8220;center&#8220; row_border_radius=&#8220;none&#8220; row_border_radius_applies=&#8220;bg&#8220; overlay_strength=&#8220;0.5&#8243; gradient_direction=&#8220;left_to_right&#8220; shape_divider_position=&#8220;bottom&#8220; bg_image_animation=&#8220;none&#8220; shape_type=&#8220;&#8220;][vc_column column_padding=&#8220;no-extra-padding&#8220; column_padding_tablet=&#8220;inherit&#8220; column_padding_phone=&#8220;inherit&#8220; column_padding_position=&#8220;all&#8220; background_color_opacity=&#8220;1&#8243; background_hover_color_opacity=&#8220;1&#8243; column_shadow=&#8220;none&#8220; column_border_radius=&#8220;none&#8220; column_link_target=&#8220;_self&#8220; gradient_direction=&#8220;left_to_right&#8220; overlay_strength=&#8220;0.3&#8243; width=&#8220;1\/1&#8243; tablet_width_inherit=&#8220;default&#8220; tablet_text_alignment=&#8220;default&#8220; phone_text_alignment=&#8220;default&#8220; column_border_width=&#8220;none&#8220; column_border_style=&#8220;solid&#8220; bg_image_animation=&#8220;none&#8220;][vc_row_inner column_margin=&#8220;default&#8220; column_direction=&#8220;default&#8220; column_direction_tablet=&#8220;default&#8220; column_direction_phone=&#8220;default&#8220; text_align=&#8220;left&#8220;][vc_column_inner column_padding=&#8220;no-extra-padding&#8220; column_padding_tablet=&#8220;inherit&#8220; column_padding_phone=&#8220;inherit&#8220; column_padding_position=&#8220;all&#8220; background_color_opacity=&#8220;1&#8243; background_hover_color_opacity=&#8220;1&#8243; column_shadow=&#8220;none&#8220; column_border_radius=&#8220;none&#8220; column_link_target=&#8220;_self&#8220; gradient_direction=&#8220;left_to_right&#8220; overlay_strength=&#8220;0.3&#8243; width=&#8220;1\/1&#8243; tablet_width_inherit=&#8220;default&#8220; column_border_width=&#8220;none&#8220; column_border_style=&#8220;solid&#8220; bg_image_animation=&#8220;none&#8220; enable_animation=&#8220;true&#8220; animation=&#8220;fade-in-from-bottom&#8220;][vc_custom_heading text=&#8220;So kommen Sie zu uns&#8220; font_container=&#8220;tag:h1|font_size:48px|text_align:center|line_height:57px&#8220; use_theme_fonts=&#8220;yes&#8220; css_animation=&#8220;none&#8220;][divider line_type=&#8220;No Line&#8220; custom_height=&#8220;30px&#8220;][vc_custom_heading text=&#8220;Der Golfclub St. Vigil Seis liegt herrlich abgeschieden und ist doch nahe dran an allen Annehmlichkeiten der Ferienregion. Sie erreichen uns ganz einfach!&#8220; font_container=&#8220;tag:p|text_align:center|color:rgba(10%2C10%2C10%2C0.65)&#8220; use_theme_fonts=&#8220;yes&#8220; css_animation=&#8220;none&#8220; css=&#8220;.vc_custom_1611928945661{padding-right: 13% !important;padding-left: 13% !important;}&#8220;][divider line_type=&#8220;No Line&#8220; custom_height=&#8220;100px&#8220;][vc_custom_heading text=&#8220;Unsere Adresse und Koordinaten:GPS: 46\u00b0 32&#8242; 16&#8222; nord \u2013 11\u00b0 32&#8242; 45&#8222; estGolf Club St. Vigil SeisSiusi\/San Vigilio 20I-39040 Castelrotto&#8220; font_container=&#8220;tag:p|text_align:center|color:rgba(10%2C10%2C10%2C0.65)&#8220; use_theme_fonts=&#8220;yes&#8220; css_animation=&#8220;none&#8220; css=&#8220;.vc_custom_1611237928162{padding-right: 13% !important;padding-left: 13% !important;}&#8220;][\/vc_column_inner][\/vc_row_inner][\/vc_column][\/vc_row][vc_row type=&#8220;full_width_content&#8220; full_screen_row_position=&#8220;middle&#8220; column_margin=&#8220;default&#8220; column_direction=&#8220;default&#8220; column_direction_tablet=&#8220;default&#8220; column_direction_phone=&#8220;default&#8220; scene_position=&#8220;center&#8220; text_color=&#8220;dark&#8220; text_align=&#8220;left&#8220; row_border_radius=&#8220;none&#8220; row_border_radius_applies=&#8220;bg&#8220; overlay_strength=&#8220;0.3&#8243; gradient_direction=&#8220;left_to_right&#8220; shape_divider_position=&#8220;bottom&#8220; bg_image_animation=&#8220;none&#8220; shape_type=&#8220;&#8220;][vc_column column_padding=&#8220;no-extra-padding&#8220; column_padding_tablet=&#8220;inherit&#8220; column_padding_phone=&#8220;inherit&#8220; column_padding_position=&#8220;all&#8220; background_color_opacity=&#8220;1&#8243; background_hover_color_opacity=&#8220;1&#8243; column_shadow=&#8220;none&#8220; column_border_radius=&#8220;none&#8220; column_link_target=&#8220;_self&#8220; gradient_direction=&#8220;left_to_right&#8220; overlay_strength=&#8220;0.3&#8243; width=&#8220;1\/1&#8243; tablet_width_inherit=&#8220;default&#8220; tablet_text_alignment=&#8220;default&#8220; phone_text_alignment=&#8220;default&#8220; column_border_width=&#8220;none&#8220; column_border_style=&#8220;solid&#8220; bg_image_animation=&#8220;none&#8220;][vc_raw_html]PGlmcmFtZSBzdHlsZT0iYm9yZGVyOiAwOyIgdGFiaW5kZXg9IjAiIHNyYz0iaHR0cHM6Ly93d3cuZ29vZ2xlLmNvbS9tYXBzL2VtYmVkP3BiPSExbTE4ITFtMTIhMW0zITFkMjc0NC41MDU1Mjc2NzQ1MTQ3ITJkMTEuNTQzNjAzOTE1ODQ1MzI4ITNkNDYuNTM3Njg1NzY5MTkyNDchMm0zITFmMCEyZjAhM2YwITNtMiExaTEwMjQhMmk3NjghNGYxMy4xITNtMyExbTIhMXMweDQ3Nzg3MzNiOTcxN2JiNzklM0EweDdjMDZlYzBhZTdkYWQzYjYhMnNHb2xmY2x1YiUyMFN0LiUyMFZpZ2lsJTIwU2VpcyE1ZTAhM20yITFzaXQhMnNpdCE0djE2MTEyMzY2NDAwMzghNW0yITFzaXQhMnNpdCIgd2lkdGg9IjEwMCUiIGhlaWdodD0iNTUwIiBmcmFtZWJvcmRlcj0iMCIgYWxsb3dmdWxsc2NyZWVuPSJhbGxvd2Z1bGxzY3JlZW4iIGFyaWEtaGlkZGVuPSJmYWxzZSI+PC9pZnJhbWU+[\/vc_raw_html][\/vc_column][\/vc_row][vc_row type=&#8220;full_width_background&#8220; full_screen_row_position=&#8220;middle&#8220; column_margin=&#8220;default&#8220; column_direction=&#8220;default&#8220; column_direction_tablet=&#8220;default&#8220; column_direction_phone=&#8220;default&#8220; bg_color=&#8220;#ffffff&#8220; scene_position=&#8220;center&#8220; top_padding=&#8220;2%&#8220; bottom_padding=&#8220;2%&#8220; text_color=&#8220;dark&#8220; text_align=&#8220;left&#8220; row_border_radius=&#8220;none&#8220; row_border_radius_applies=&#8220;bg&#8220; overlay_strength=&#8220;1&#8243; gradient_direction=&#8220;left_to_right&#8220; shape_divider_position=&#8220;bottom&#8220; bg_image_animation=&#8220;none&#8220; shape_type=&#8220;&#8220;][vc_column column_padding=&#8220;no-extra-padding&#8220; column_padding_tablet=&#8220;inherit&#8220; column_padding_phone=&#8220;inherit&#8220; column_padding_position=&#8220;all&#8220; background_color_opacity=&#8220;1&#8243; background_hover_color_opacity=&#8220;1&#8243; column_shadow=&#8220;none&#8220; column_border_radius=&#8220;none&#8220; column_link_target=&#8220;_self&#8220; gradient_direction=&#8220;left_to_right&#8220; overlay_strength=&#8220;0.3&#8243; width=&#8220;1\/1&#8243; tablet_width_inherit=&#8220;default&#8220; tablet_text_alignment=&#8220;default&#8220; phone_text_alignment=&#8220;default&#8220; column_border_width=&#8220;none&#8220; column_border_style=&#8220;solid&#8220; bg_image_animation=&#8220;none&#8220;][vc_row_inner column_margin=&#8220;default&#8220; column_direction=&#8220;default&#8220; column_direction_tablet=&#8220;default&#8220; column_direction_phone=&#8220;default&#8220; text_align=&#8220;left&#8220;][vc_column_inner column_padding=&#8220;padding-3-percent&#8220; column_padding_tablet=&#8220;inherit&#8220; column_padding_phone=&#8220;inherit&#8220; column_padding_position=&#8220;top-bottom&#8220; background_color_opacity=&#8220;1&#8243; background_hover_color_opacity=&#8220;1&#8243; column_shadow=&#8220;none&#8220; column_border_radius=&#8220;none&#8220; column_link_target=&#8220;_self&#8220; gradient_direction=&#8220;left_to_right&#8220; overlay_strength=&#8220;0.3&#8243; width=&#8220;1\/2&#8243; tablet_width_inherit=&#8220;default&#8220; column_border_width=&#8220;none&#8220; column_border_style=&#8220;solid&#8220; bg_image_animation=&#8220;none&#8220;][vc_column_text css=&#8220;.vc_custom_1611238123005{padding-right: 10% !important;}&#8220;]\n<h4>Von S\u00fcden kommend \u00fcber die Brennerautobahn A 22 bis Bozen Nord.<\/h4>\n<p>&nbsp;<\/p>\n<p>Fahren Sie weiter in Richtung Norden und biegen Sie bei Blumau im Tunnel links in Richtung Schlerngebiet ab. Folgen Sie der Bergstra\u00dfe. Am Ortseingang von V\u00f6ls nehmen Sie die zweite Ausfahrt am Kreisverkehr Richtung Seis\/Kastelruth<br \/>\nund folgen Sie den Schildern Golfplatz St. Vigil Seis. Am Dorfanfang von Seis beim Felsen km 13 links abbiegen.[\/vc_column_text][\/vc_column_inner][vc_column_inner column_padding=&#8220;no-extra-padding&#8220; column_padding_tablet=&#8220;inherit&#8220; column_padding_phone=&#8220;inherit&#8220; column_padding_position=&#8220;all&#8220; background_color_opacity=&#8220;1&#8243; background_hover_color_opacity=&#8220;1&#8243; column_shadow=&#8220;none&#8220; column_border_radius=&#8220;none&#8220; column_link_target=&#8220;_self&#8220; gradient_direction=&#8220;left_to_right&#8220; overlay_strength=&#8220;0.3&#8243; width=&#8220;1\/2&#8243; tablet_width_inherit=&#8220;default&#8220; column_border_width=&#8220;none&#8220; column_border_style=&#8220;solid&#8220; bg_image_animation=&#8220;none&#8220;][vc_column_text css=&#8220;.vc_custom_1611238144654{padding-right: 10% !important;}&#8220;]\n<h4>Von Norden kommend \u00fcber die Brennerautobahn A22 Richtung S\u00fcden, Ausfahrt Klausen.<\/h4>\n<p>&nbsp;<\/p>\n<p>Von Klausen fahren Sie auf der Staatsstra\u00dfe ca. 10 km weiter Richtung Bozen und biegen in Waidbruck links \u00fcber eine Br\u00fccke ab ins Schlerngebiet. Fahren Sie Richtung Seis und folgen Sie den Schildern Golfplatz St. Vigil Seis. Am Dorfausgang von Seis ca. 3 km weiter und beim Felsen rechts abbiegen.[\/vc_column_text][\/vc_column_inner][\/vc_row_inner][\/vc_column][\/vc_row]\n","protected":false},"excerpt":{"rendered":"<p>[vc_row type=&ldquo;full_width_background&ldquo; full_screen_row_position=&ldquo;middle&ldquo; column_margin=&ldquo;default&ldquo; column_direction=&ldquo;default&ldquo; column_direction_tablet=&ldquo;default&ldquo; column_direction_phone=&ldquo;default&ldquo; bg_color=&ldquo;#ffffff&ldquo; scene_position=&ldquo;center&ldquo; top_padding=&ldquo;1%&ldquo; text_color=&ldquo;dark&ldquo; text_align=&ldquo;center&ldquo; row_border_radius=&ldquo;none&ldquo; row_border_radius_applies=&ldquo;bg&ldquo; overlay_strength=&ldquo;0.5&Prime; gradient_direction=&ldquo;left_to_right&ldquo; shape_divider_position=&ldquo;bottom&ldquo; bg_image_animation=&ldquo;none&ldquo; shape_type=&ldquo;&ldquo;][vc_column column_padding=&ldquo;no-extra-padding&ldquo; column_padding_tablet=&ldquo;inherit&ldquo; column_padding_phone=&ldquo;inherit&ldquo; column_padding_position=&ldquo;all&ldquo; background_color_opacity=&ldquo;1&Prime; background_hover_color_opacity=&ldquo;1&Prime; column_shadow=&ldquo;none&ldquo; column_border_radius=&ldquo;none&ldquo; column_link_target=&ldquo;_self&ldquo; gradient_direction=&ldquo;left_to_right&ldquo; overlay_strength=&ldquo;0.3&Prime;&#8230;<\/p>\n","protected":false},"author":1,"featured_media":0,"parent":0,"menu_order":0,"comment_status":"closed","ping_status":"closed","template":"","meta":{"footnotes":""},"yoast_head":"<!-- This site is optimized with the Yoast SEO plugin v22.8 - https:\/\/yoast.com\/wordpress\/plugins\/seo\/ -->\n<title>So kommen Sie zu uns - Golfstvigilseis<\/title>\n<meta name=\"robots\" content=\"index, follow, max-snippet:-1, max-image-preview:large, max-video-preview:-1\" \/>\n<link rel=\"canonical\" href=\"https:\/\/www.golfstvigilseis.it\/de\/so-kommen-sie-zu-uns\/\" \/>\n<meta property=\"og:locale\" content=\"de_DE\" \/>\n<meta property=\"og:type\" content=\"article\" \/>\n<meta property=\"og:title\" content=\"So kommen Sie zu uns - Golfstvigilseis\" \/>\n<meta property=\"og:description\" content=\"[vc_row type=&ldquo;full_width_background&ldquo; full_screen_row_position=&ldquo;middle&ldquo; column_margin=&ldquo;default&ldquo; column_direction=&ldquo;default&ldquo; column_direction_tablet=&ldquo;default&ldquo; column_direction_phone=&ldquo;default&ldquo; bg_color=&ldquo;#ffffff&ldquo; scene_position=&ldquo;center&ldquo; top_padding=&ldquo;1%&ldquo; text_color=&ldquo;dark&ldquo; text_align=&ldquo;center&ldquo; row_border_radius=&ldquo;none&ldquo; row_border_radius_applies=&ldquo;bg&ldquo; overlay_strength=&ldquo;0.5&Prime; gradient_direction=&ldquo;left_to_right&ldquo; shape_divider_position=&ldquo;bottom&ldquo; bg_image_animation=&ldquo;none&ldquo; shape_type=&ldquo;&ldquo;][vc_column column_padding=&ldquo;no-extra-padding&ldquo; column_padding_tablet=&ldquo;inherit&ldquo; column_padding_phone=&ldquo;inherit&ldquo; column_padding_position=&ldquo;all&ldquo; background_color_opacity=&ldquo;1&Prime; background_hover_color_opacity=&ldquo;1&Prime; column_shadow=&ldquo;none&ldquo; column_border_radius=&ldquo;none&ldquo; column_link_target=&ldquo;_self&ldquo; gradient_direction=&ldquo;left_to_right&ldquo; overlay_strength=&ldquo;0.3&Prime;...\" \/>\n<meta property=\"og:url\" content=\"https:\/\/www.golfstvigilseis.it\/de\/so-kommen-sie-zu-uns\/\" \/>\n<meta property=\"og:site_name\" content=\"Golfstvigilseis\" \/>\n<meta property=\"article:modified_time\" content=\"2021-03-04T14:08:23+00:00\" \/>\n<meta name=\"twitter:card\" content=\"summary_large_image\" \/>\n<meta name=\"twitter:label1\" content=\"Gesch\u00e4tzte Lesezeit\" \/>\n\t<meta name=\"twitter:data1\" content=\"5 Minuten\" \/>\n<script type=\"application\/ld+json\" class=\"yoast-schema-graph\">{\"@context\":\"https:\/\/schema.org\",\"@graph\":[{\"@type\":\"WebPage\",\"@id\":\"https:\/\/www.golfstvigilseis.it\/de\/so-kommen-sie-zu-uns\/\",\"url\":\"https:\/\/www.golfstvigilseis.it\/de\/so-kommen-sie-zu-uns\/\",\"name\":\"So kommen Sie zu uns - Golfstvigilseis\",\"isPartOf\":{\"@id\":\"https:\/\/www.golfstvigilseis.it\/de\/#website\"},\"datePublished\":\"2021-02-08T13:53:09+00:00\",\"dateModified\":\"2021-03-04T14:08:23+00:00\",\"breadcrumb\":{\"@id\":\"https:\/\/www.golfstvigilseis.it\/de\/so-kommen-sie-zu-uns\/#breadcrumb\"},\"inLanguage\":\"de-DE\",\"potentialAction\":[{\"@type\":\"ReadAction\",\"target\":[\"https:\/\/www.golfstvigilseis.it\/de\/so-kommen-sie-zu-uns\/\"]}]},{\"@type\":\"BreadcrumbList\",\"@id\":\"https:\/\/www.golfstvigilseis.it\/de\/so-kommen-sie-zu-uns\/#breadcrumb\",\"itemListElement\":[{\"@type\":\"ListItem\",\"position\":1,\"name\":\"Home\",\"item\":\"https:\/\/www.golfstvigilseis.it\/de\/\"},{\"@type\":\"ListItem\",\"position\":2,\"name\":\"So kommen Sie zu uns\"}]},{\"@type\":\"WebSite\",\"@id\":\"https:\/\/www.golfstvigilseis.it\/de\/#website\",\"url\":\"https:\/\/www.golfstvigilseis.it\/de\/\",\"name\":\"Golfstvigilseis\",\"description\":\"Golfstvigilseis\",\"potentialAction\":[{\"@type\":\"SearchAction\",\"target\":{\"@type\":\"EntryPoint\",\"urlTemplate\":\"https:\/\/www.golfstvigilseis.it\/de\/?s={search_term_string}\"},\"query-input\":\"required name=search_term_string\"}],\"inLanguage\":\"de-DE\"}]}<\/script>\n<!-- \/ Yoast SEO plugin. -->","yoast_head_json":{"title":"So kommen Sie zu uns - Golfstvigilseis","robots":{"index":"index","follow":"follow","max-snippet":"max-snippet:-1","max-image-preview":"max-image-preview:large","max-video-preview":"max-video-preview:-1"},"canonical":"https:\/\/www.golfstvigilseis.it\/de\/so-kommen-sie-zu-uns\/","og_locale":"de_DE","og_type":"article","og_title":"So kommen Sie zu uns - Golfstvigilseis","og_description":"[vc_row type=&ldquo;full_width_background&ldquo; full_screen_row_position=&ldquo;middle&ldquo; column_margin=&ldquo;default&ldquo; column_direction=&ldquo;default&ldquo; column_direction_tablet=&ldquo;default&ldquo; column_direction_phone=&ldquo;default&ldquo; bg_color=&ldquo;#ffffff&ldquo; scene_position=&ldquo;center&ldquo; top_padding=&ldquo;1%&ldquo; text_color=&ldquo;dark&ldquo; text_align=&ldquo;center&ldquo; row_border_radius=&ldquo;none&ldquo; row_border_radius_applies=&ldquo;bg&ldquo; overlay_strength=&ldquo;0.5&Prime; gradient_direction=&ldquo;left_to_right&ldquo; shape_divider_position=&ldquo;bottom&ldquo; bg_image_animation=&ldquo;none&ldquo; shape_type=&ldquo;&ldquo;][vc_column column_padding=&ldquo;no-extra-padding&ldquo; column_padding_tablet=&ldquo;inherit&ldquo; column_padding_phone=&ldquo;inherit&ldquo; column_padding_position=&ldquo;all&ldquo; background_color_opacity=&ldquo;1&Prime; background_hover_color_opacity=&ldquo;1&Prime; column_shadow=&ldquo;none&ldquo; column_border_radius=&ldquo;none&ldquo; column_link_target=&ldquo;_self&ldquo; gradient_direction=&ldquo;left_to_right&ldquo; overlay_strength=&ldquo;0.3&Prime;...","og_url":"https:\/\/www.golfstvigilseis.it\/de\/so-kommen-sie-zu-uns\/","og_site_name":"Golfstvigilseis","article_modified_time":"2021-03-04T14:08:23+00:00","twitter_card":"summary_large_image","twitter_misc":{"Gesch\u00e4tzte Lesezeit":"5 Minuten"},"schema":{"@context":"https:\/\/schema.org","@graph":[{"@type":"WebPage","@id":"https:\/\/www.golfstvigilseis.it\/de\/so-kommen-sie-zu-uns\/","url":"https:\/\/www.golfstvigilseis.it\/de\/so-kommen-sie-zu-uns\/","name":"So kommen Sie zu uns - Golfstvigilseis","isPartOf":{"@id":"https:\/\/www.golfstvigilseis.it\/de\/#website"},"datePublished":"2021-02-08T13:53:09+00:00","dateModified":"2021-03-04T14:08:23+00:00","breadcrumb":{"@id":"https:\/\/www.golfstvigilseis.it\/de\/so-kommen-sie-zu-uns\/#breadcrumb"},"inLanguage":"de-DE","potentialAction":[{"@type":"ReadAction","target":["https:\/\/www.golfstvigilseis.it\/de\/so-kommen-sie-zu-uns\/"]}]},{"@type":"BreadcrumbList","@id":"https:\/\/www.golfstvigilseis.it\/de\/so-kommen-sie-zu-uns\/#breadcrumb","itemListElement":[{"@type":"ListItem","position":1,"name":"Home","item":"https:\/\/www.golfstvigilseis.it\/de\/"},{"@type":"ListItem","position":2,"name":"So kommen Sie zu uns"}]},{"@type":"WebSite","@id":"https:\/\/www.golfstvigilseis.it\/de\/#website","url":"https:\/\/www.golfstvigilseis.it\/de\/","name":"Golfstvigilseis","description":"Golfstvigilseis","potentialAction":[{"@type":"SearchAction","target":{"@type":"EntryPoint","urlTemplate":"https:\/\/www.golfstvigilseis.it\/de\/?s={search_term_string}"},"query-input":"required name=search_term_string"}],"inLanguage":"de-DE"}]}},"_links":{"self":[{"href":"https:\/\/www.golfstvigilseis.it\/de\/wp-json\/wp\/v2\/pages\/1841"}],"collection":[{"href":"https:\/\/www.golfstvigilseis.it\/de\/wp-json\/wp\/v2\/pages"}],"about":[{"href":"https:\/\/www.golfstvigilseis.it\/de\/wp-json\/wp\/v2\/types\/page"}],"author":[{"embeddable":true,"href":"https:\/\/www.golfstvigilseis.it\/de\/wp-json\/wp\/v2\/users\/1"}],"replies":[{"embeddable":true,"href":"https:\/\/www.golfstvigilseis.it\/de\/wp-json\/wp\/v2\/comments?post=1841"}],"version-history":[{"count":0,"href":"https:\/\/www.golfstvigilseis.it\/de\/wp-json\/wp\/v2\/pages\/1841\/revisions"}],"wp:attachment":[{"href":"https:\/\/www.golfstvigilseis.it\/de\/wp-json\/wp\/v2\/media?parent=1841"}],"curies":[{"name":"wp","href":"https:\/\/api.w.org\/{rel}","templated":true}]}}