{"id":1847,"date":"2021-02-08T14:53:23","date_gmt":"2021-02-08T13:53:23","guid":{"rendered":"https:\/\/www2.golfstvigilseis.it\/golf-club\/ristorante\/"},"modified":"2025-08-07T16:57:06","modified_gmt":"2025-08-07T14:57:06","slug":"restaurant","status":"publish","type":"page","link":"https:\/\/www.golfstvigilseis.it\/de\/golf-club\/restaurant\/","title":{"rendered":"Restaurant"},"content":{"rendered":"[vc_row type=&#8220;full_width_background&#8220; full_screen_row_position=&#8220;middle&#8220; column_margin=&#8220;default&#8220; column_direction=&#8220;default&#8220; column_direction_tablet=&#8220;default&#8220; column_direction_phone=&#8220;default&#8220; bg_image=&#8220;1613&#8243; bg_position=&#8220;center center&#8220; bg_repeat=&#8220;no-repeat&#8220; scene_position=&#8220;center&#8220; top_padding=&#8220;12%&#8220; bottom_padding=&#8220;12%&#8220; text_color=&#8220;light&#8220; text_align=&#8220;left&#8220; row_border_radius=&#8220;none&#8220; row_border_radius_applies=&#8220;bg&#8220; color_overlay=&#8220;#0a0a0a&#8220; overlay_strength=&#8220;0.5&#8243; gradient_direction=&#8220;left_to_right&#8220; shape_divider_position=&#8220;bottom&#8220; bg_image_animation=&#8220;none&#8220; parallax_bg=&#8220;true&#8220; parallax_bg_speed=&#8220;fast&#8220; shape_type=&#8220;&#8220;][vc_column column_padding=&#8220;no-extra-padding&#8220; column_padding_tablet=&#8220;inherit&#8220; column_padding_phone=&#8220;inherit&#8220; column_padding_position=&#8220;all&#8220; centered_text=&#8220;true&#8220; background_color_opacity=&#8220;1&#8243; background_hover_color_opacity=&#8220;1&#8243; column_shadow=&#8220;none&#8220; column_border_radius=&#8220;none&#8220; column_link_target=&#8220;_self&#8220; gradient_direction=&#8220;left_to_right&#8220; overlay_strength=&#8220;0.3&#8243; width=&#8220;1\/1&#8243; tablet_width_inherit=&#8220;default&#8220; tablet_text_alignment=&#8220;default&#8220; phone_text_alignment=&#8220;default&#8220; column_border_width=&#8220;none&#8220; column_border_style=&#8220;solid&#8220; bg_image_animation=&#8220;none&#8220;][split_line_heading animation_type=&#8220;default&#8220;]Genie\u00dfen Sie S\u00fcdtiroler Spezialit\u00e4ten direkt am Golfplatz.[\/split_line_heading][divider line_type=&#8220;No Line&#8220; custom_height=&#8220;10px&#8220;][split_line_heading animation_type=&#8220;default&#8220;]\n<h1>Restaurant R19<\/h1>\n[\/split_line_heading][\/vc_column][\/vc_row][vc_row type=&#8220;full_width_background&#8220; full_screen_row_position=&#8220;middle&#8220; column_margin=&#8220;default&#8220; column_direction=&#8220;default&#8220; column_direction_tablet=&#8220;default&#8220; column_direction_phone=&#8220;default&#8220; scene_position=&#8220;center&#8220; text_color=&#8220;light&#8220; text_align=&#8220;left&#8220; row_border_radius=&#8220;none&#8220; row_border_radius_applies=&#8220;bg&#8220; overlay_strength=&#8220;0.3&#8243; gradient_direction=&#8220;left_to_right&#8220; shape_divider_position=&#8220;bottom&#8220; shape_divider_height=&#8220;5%&#8220; bg_image_animation=&#8220;none&#8220; shape_type=&#8220;straight_section&#8220;][vc_column column_padding=&#8220;no-extra-padding&#8220; column_padding_tablet=&#8220;inherit&#8220; column_padding_phone=&#8220;inherit&#8220; column_padding_position=&#8220;all&#8220; top_margin=&#8220;-7%&#8220; background_color_opacity=&#8220;1&#8243; background_hover_color_opacity=&#8220;1&#8243; column_shadow=&#8220;none&#8220; column_border_radius=&#8220;none&#8220; column_link_target=&#8220;_self&#8220; gradient_direction=&#8220;left_to_right&#8220; overlay_strength=&#8220;0.3&#8243; width=&#8220;1\/1&#8243; tablet_width_inherit=&#8220;default&#8220; tablet_text_alignment=&#8220;default&#8220; phone_text_alignment=&#8220;default&#8220; column_border_width=&#8220;none&#8220; column_border_style=&#8220;solid&#8220; bg_image_animation=&#8220;none&#8220;][vc_row_inner equal_height=&#8220;yes&#8220; content_placement=&#8220;middle&#8220; column_margin=&#8220;none&#8220; column_direction=&#8220;default&#8220; column_direction_tablet=&#8220;default&#8220; column_direction_phone=&#8220;default&#8220; text_align=&#8220;left&#8220; id=&#8220;about&#8220;][vc_column_inner column_padding=&#8220;padding-7-percent&#8220; column_padding_tablet=&#8220;inherit&#8220; column_padding_phone=&#8220;inherit&#8220; column_padding_position=&#8220;all&#8220; background_color=&#8220;#005537&#8243; background_color_opacity=&#8220;1&#8243; background_hover_color_opacity=&#8220;1&#8243; column_shadow=&#8220;none&#8220; column_border_radius=&#8220;none&#8220; column_link_target=&#8220;_self&#8220; gradient_direction=&#8220;left_to_right&#8220; overlay_strength=&#8220;0.3&#8243; width=&#8220;1\/2&#8243; tablet_width_inherit=&#8220;default&#8220; column_border_width=&#8220;none&#8220; column_border_style=&#8220;solid&#8220; bg_image_animation=&#8220;none&#8220;][vc_column_text]\n<h2>Willkommen im Restaurant R19<\/h2>\n[\/vc_column_text][vc_column_text css=&#8220;.vc_custom_1754578623414{margin-top: 40px !important;}&#8220;]\n<p data-start=\"1203\" data-end=\"1478\">Das Restaurant R19 liegt direkt am Golfplatz und ist ein beliebter Treffpunkt f\u00fcr Golffreunde und Genie\u00dfer. Freuen Sie sich auf frische, regional gepr\u00e4gte K\u00fcche und echte S\u00fcdtiroler Gastfreundschaft \u2013 serviert in einem authentischen Ambiente.<\/p>\n<p data-start=\"1483\" data-end=\"1678\">Auf der gem\u00fctlichen Lounge-Terrasse genie\u00dfen Sie \u2013 neben kulinarischen K\u00f6stlichkeiten \u2013 einen traumhaften Blick auf den Golfplatz und die majest\u00e4tische Bergwelt der Dolomiten (UNESCO Welterbe).<\/p>\n<p data-start=\"1683\" data-end=\"1721\"><strong data-start=\"1683\" data-end=\"1721\">Reservierungen bitte direkt unter:<\/strong><\/p>\n[\/vc_column_text][nectar_btn size=&#8220;medium&#8220; button_style=&#8220;regular&#8220; button_color_2=&#8220;Extra-Color-1&#8243; solid_text_color_override=&#8220;#ffffff&#8220; icon_family=&#8220;none&#8220; text=&#8220;+39 0471 706 271&#8243; url=&#8220;tel:+39 0471 706271&#8243;][\/vc_column_inner][vc_column_inner column_padding=&#8220;padding-5-percent&#8220; column_padding_tablet=&#8220;inherit&#8220; column_padding_phone=&#8220;inherit&#8220; column_padding_position=&#8220;all&#8220; background_color_opacity=&#8220;1&#8243; background_hover_color_opacity=&#8220;1&#8243; background_image=&#8220;1610&#8243; background_image_position=&#8220;center center&#8220; enable_bg_scale=&#8220;true&#8220; column_shadow=&#8220;none&#8220; column_border_radius=&#8220;none&#8220; column_link_target=&#8220;_self&#8220; gradient_direction=&#8220;left_to_right&#8220; overlay_strength=&#8220;0.3&#8243; width=&#8220;1\/2&#8243; tablet_width_inherit=&#8220;default&#8220; column_border_width=&#8220;none&#8220; column_border_style=&#8220;solid&#8220; bg_image_animation=&#8220;none&#8220;][divider line_type=&#8220;No Line&#8220; custom_height=&#8220;200&#8243;][\/vc_column_inner][\/vc_row_inner][\/vc_column][\/vc_row][vc_row type=&#8220;full_width_background&#8220; full_screen_row_position=&#8220;middle&#8220; column_margin=&#8220;default&#8220; column_direction=&#8220;default&#8220; column_direction_tablet=&#8220;default&#8220; column_direction_phone=&#8220;default&#8220; scene_position=&#8220;center&#8220; bottom_padding=&#8220;5%&#8220; text_color=&#8220;dark&#8220; text_align=&#8220;left&#8220; row_border_radius=&#8220;none&#8220; row_border_radius_applies=&#8220;bg&#8220; overlay_strength=&#8220;0.3&#8243; gradient_direction=&#8220;left_to_right&#8220; shape_divider_position=&#8220;bottom&#8220; bg_image_animation=&#8220;none&#8220; shape_type=&#8220;&#8220;][vc_column column_padding=&#8220;no-extra-padding&#8220; column_padding_tablet=&#8220;inherit&#8220; column_padding_phone=&#8220;inherit&#8220; column_padding_position=&#8220;all&#8220; background_color_opacity=&#8220;1&#8243; background_hover_color_opacity=&#8220;1&#8243; column_shadow=&#8220;none&#8220; column_border_radius=&#8220;none&#8220; column_link_target=&#8220;_self&#8220; gradient_direction=&#8220;left_to_right&#8220; overlay_strength=&#8220;0.3&#8243; width=&#8220;1\/1&#8243; tablet_width_inherit=&#8220;default&#8220; tablet_text_alignment=&#8220;default&#8220; phone_text_alignment=&#8220;default&#8220; column_border_width=&#8220;none&#8220; column_border_style=&#8220;solid&#8220; bg_image_animation=&#8220;none&#8220;][vc_column_text]\nBildergallerie<br \/>\n[\/vc_column_text][vc_gallery type=&#8220;flickity_static_height_style&#8220; images=&#8220;1613,1616,1619,1622,1625,1628,1631,1634,1637,1640&#8243; flickity_spacing=&#8220;10px&#8220; flickity_controls=&#8220;touch_total&#8220; flickity_overflow=&#8220;visible&#8220; flickity_wrap_around=&#8220;no-wrap&#8220; flickity_box_shadow=&#8220;none&#8220; image_loading=&#8220;lazy-load&#8220; onclick=&#8220;link_no&#8220; flickity_img_height=&#8220;500&#8243;][\/vc_column][\/vc_row]\n","protected":false},"excerpt":{"rendered":"<p>[vc_row type=&ldquo;full_width_background&ldquo; full_screen_row_position=&ldquo;middle&ldquo; column_margin=&ldquo;default&ldquo; column_direction=&ldquo;default&ldquo; column_direction_tablet=&ldquo;default&ldquo; column_direction_phone=&ldquo;default&ldquo; bg_image=&ldquo;1613&Prime; bg_position=&ldquo;center center&ldquo; bg_repeat=&ldquo;no-repeat&ldquo; scene_position=&ldquo;center&ldquo; top_padding=&ldquo;12%&ldquo; bottom_padding=&ldquo;12%&ldquo; text_color=&ldquo;light&ldquo; text_align=&ldquo;left&ldquo; row_border_radius=&ldquo;none&ldquo; row_border_radius_applies=&ldquo;bg&ldquo; color_overlay=&ldquo;#0a0a0a&ldquo; overlay_strength=&ldquo;0.5&Prime; gradient_direction=&ldquo;left_to_right&ldquo; shape_divider_position=&ldquo;bottom&ldquo; bg_image_animation=&ldquo;none&ldquo; parallax_bg=&ldquo;true&ldquo; parallax_bg_speed=&ldquo;fast&ldquo; shape_type=&ldquo;&ldquo;][vc_column column_padding=&ldquo;no-extra-padding&ldquo; column_padding_tablet=&ldquo;inherit&ldquo; column_padding_phone=&ldquo;inherit&ldquo; column_padding_position=&ldquo;all&ldquo;&#8230;<\/p>\n","protected":false},"author":1,"featured_media":0,"parent":1844,"menu_order":0,"comment_status":"closed","ping_status":"closed","template":"","meta":{"footnotes":""},"yoast_head":"<!-- This site is optimized with the Yoast SEO plugin v22.8 - https:\/\/yoast.com\/wordpress\/plugins\/seo\/ -->\n<title>Restaurant - Golfstvigilseis<\/title>\n<meta name=\"robots\" content=\"index, follow, max-snippet:-1, max-image-preview:large, max-video-preview:-1\" \/>\n<link rel=\"canonical\" href=\"https:\/\/www.golfstvigilseis.it\/de\/golf-club\/restaurant\/\" \/>\n<meta property=\"og:locale\" content=\"de_DE\" \/>\n<meta property=\"og:type\" content=\"article\" \/>\n<meta property=\"og:title\" content=\"Restaurant - Golfstvigilseis\" \/>\n<meta property=\"og:description\" content=\"[vc_row type=&ldquo;full_width_background&ldquo; full_screen_row_position=&ldquo;middle&ldquo; column_margin=&ldquo;default&ldquo; column_direction=&ldquo;default&ldquo; column_direction_tablet=&ldquo;default&ldquo; column_direction_phone=&ldquo;default&ldquo; bg_image=&ldquo;1613&Prime; bg_position=&ldquo;center center&ldquo; bg_repeat=&ldquo;no-repeat&ldquo; scene_position=&ldquo;center&ldquo; top_padding=&ldquo;12%&ldquo; bottom_padding=&ldquo;12%&ldquo; text_color=&ldquo;light&ldquo; text_align=&ldquo;left&ldquo; row_border_radius=&ldquo;none&ldquo; row_border_radius_applies=&ldquo;bg&ldquo; color_overlay=&ldquo;#0a0a0a&ldquo; overlay_strength=&ldquo;0.5&Prime; gradient_direction=&ldquo;left_to_right&ldquo; shape_divider_position=&ldquo;bottom&ldquo; bg_image_animation=&ldquo;none&ldquo; parallax_bg=&ldquo;true&ldquo; parallax_bg_speed=&ldquo;fast&ldquo; shape_type=&ldquo;&ldquo;][vc_column column_padding=&ldquo;no-extra-padding&ldquo; column_padding_tablet=&ldquo;inherit&ldquo; column_padding_phone=&ldquo;inherit&ldquo; column_padding_position=&ldquo;all&ldquo;...\" \/>\n<meta property=\"og:url\" content=\"https:\/\/www.golfstvigilseis.it\/de\/golf-club\/restaurant\/\" \/>\n<meta property=\"og:site_name\" content=\"Golfstvigilseis\" \/>\n<meta property=\"article:modified_time\" content=\"2025-08-07T14:57:06+00:00\" \/>\n<meta name=\"twitter:card\" content=\"summary_large_image\" \/>\n<meta name=\"twitter:label1\" content=\"Gesch\u00e4tzte Lesezeit\" \/>\n\t<meta name=\"twitter:data1\" content=\"2 Minuten\" \/>\n<script type=\"application\/ld+json\" class=\"yoast-schema-graph\">{\"@context\":\"https:\/\/schema.org\",\"@graph\":[{\"@type\":\"WebPage\",\"@id\":\"https:\/\/www.golfstvigilseis.it\/de\/golf-club\/restaurant\/\",\"url\":\"https:\/\/www.golfstvigilseis.it\/de\/golf-club\/restaurant\/\",\"name\":\"Restaurant - Golfstvigilseis\",\"isPartOf\":{\"@id\":\"https:\/\/www.golfstvigilseis.it\/de\/#website\"},\"datePublished\":\"2021-02-08T13:53:23+00:00\",\"dateModified\":\"2025-08-07T14:57:06+00:00\",\"breadcrumb\":{\"@id\":\"https:\/\/www.golfstvigilseis.it\/de\/golf-club\/restaurant\/#breadcrumb\"},\"inLanguage\":\"de-DE\",\"potentialAction\":[{\"@type\":\"ReadAction\",\"target\":[\"https:\/\/www.golfstvigilseis.it\/de\/golf-club\/restaurant\/\"]}]},{\"@type\":\"BreadcrumbList\",\"@id\":\"https:\/\/www.golfstvigilseis.it\/de\/golf-club\/restaurant\/#breadcrumb\",\"itemListElement\":[{\"@type\":\"ListItem\",\"position\":1,\"name\":\"Home\",\"item\":\"https:\/\/www.golfstvigilseis.it\/de\/\"},{\"@type\":\"ListItem\",\"position\":2,\"name\":\"Golf Club\",\"item\":\"https:\/\/www.golfstvigilseis.it\/de\/golf-club\/\"},{\"@type\":\"ListItem\",\"position\":3,\"name\":\"Restaurant\"}]},{\"@type\":\"WebSite\",\"@id\":\"https:\/\/www.golfstvigilseis.it\/de\/#website\",\"url\":\"https:\/\/www.golfstvigilseis.it\/de\/\",\"name\":\"Golfstvigilseis\",\"description\":\"Golfstvigilseis\",\"potentialAction\":[{\"@type\":\"SearchAction\",\"target\":{\"@type\":\"EntryPoint\",\"urlTemplate\":\"https:\/\/www.golfstvigilseis.it\/de\/?s={search_term_string}\"},\"query-input\":\"required name=search_term_string\"}],\"inLanguage\":\"de-DE\"}]}<\/script>\n<!-- \/ Yoast SEO plugin. -->","yoast_head_json":{"title":"Restaurant - Golfstvigilseis","robots":{"index":"index","follow":"follow","max-snippet":"max-snippet:-1","max-image-preview":"max-image-preview:large","max-video-preview":"max-video-preview:-1"},"canonical":"https:\/\/www.golfstvigilseis.it\/de\/golf-club\/restaurant\/","og_locale":"de_DE","og_type":"article","og_title":"Restaurant - Golfstvigilseis","og_description":"[vc_row type=&ldquo;full_width_background&ldquo; full_screen_row_position=&ldquo;middle&ldquo; column_margin=&ldquo;default&ldquo; column_direction=&ldquo;default&ldquo; column_direction_tablet=&ldquo;default&ldquo; column_direction_phone=&ldquo;default&ldquo; bg_image=&ldquo;1613&Prime; bg_position=&ldquo;center center&ldquo; bg_repeat=&ldquo;no-repeat&ldquo; scene_position=&ldquo;center&ldquo; top_padding=&ldquo;12%&ldquo; bottom_padding=&ldquo;12%&ldquo; text_color=&ldquo;light&ldquo; text_align=&ldquo;left&ldquo; row_border_radius=&ldquo;none&ldquo; row_border_radius_applies=&ldquo;bg&ldquo; color_overlay=&ldquo;#0a0a0a&ldquo; overlay_strength=&ldquo;0.5&Prime; gradient_direction=&ldquo;left_to_right&ldquo; shape_divider_position=&ldquo;bottom&ldquo; bg_image_animation=&ldquo;none&ldquo; parallax_bg=&ldquo;true&ldquo; parallax_bg_speed=&ldquo;fast&ldquo; shape_type=&ldquo;&ldquo;][vc_column column_padding=&ldquo;no-extra-padding&ldquo; column_padding_tablet=&ldquo;inherit&ldquo; column_padding_phone=&ldquo;inherit&ldquo; column_padding_position=&ldquo;all&ldquo;...","og_url":"https:\/\/www.golfstvigilseis.it\/de\/golf-club\/restaurant\/","og_site_name":"Golfstvigilseis","article_modified_time":"2025-08-07T14:57:06+00:00","twitter_card":"summary_large_image","twitter_misc":{"Gesch\u00e4tzte Lesezeit":"2 Minuten"},"schema":{"@context":"https:\/\/schema.org","@graph":[{"@type":"WebPage","@id":"https:\/\/www.golfstvigilseis.it\/de\/golf-club\/restaurant\/","url":"https:\/\/www.golfstvigilseis.it\/de\/golf-club\/restaurant\/","name":"Restaurant - Golfstvigilseis","isPartOf":{"@id":"https:\/\/www.golfstvigilseis.it\/de\/#website"},"datePublished":"2021-02-08T13:53:23+00:00","dateModified":"2025-08-07T14:57:06+00:00","breadcrumb":{"@id":"https:\/\/www.golfstvigilseis.it\/de\/golf-club\/restaurant\/#breadcrumb"},"inLanguage":"de-DE","potentialAction":[{"@type":"ReadAction","target":["https:\/\/www.golfstvigilseis.it\/de\/golf-club\/restaurant\/"]}]},{"@type":"BreadcrumbList","@id":"https:\/\/www.golfstvigilseis.it\/de\/golf-club\/restaurant\/#breadcrumb","itemListElement":[{"@type":"ListItem","position":1,"name":"Home","item":"https:\/\/www.golfstvigilseis.it\/de\/"},{"@type":"ListItem","position":2,"name":"Golf Club","item":"https:\/\/www.golfstvigilseis.it\/de\/golf-club\/"},{"@type":"ListItem","position":3,"name":"Restaurant"}]},{"@type":"WebSite","@id":"https:\/\/www.golfstvigilseis.it\/de\/#website","url":"https:\/\/www.golfstvigilseis.it\/de\/","name":"Golfstvigilseis","description":"Golfstvigilseis","potentialAction":[{"@type":"SearchAction","target":{"@type":"EntryPoint","urlTemplate":"https:\/\/www.golfstvigilseis.it\/de\/?s={search_term_string}"},"query-input":"required name=search_term_string"}],"inLanguage":"de-DE"}]}},"_links":{"self":[{"href":"https:\/\/www.golfstvigilseis.it\/de\/wp-json\/wp\/v2\/pages\/1847"}],"collection":[{"href":"https:\/\/www.golfstvigilseis.it\/de\/wp-json\/wp\/v2\/pages"}],"about":[{"href":"https:\/\/www.golfstvigilseis.it\/de\/wp-json\/wp\/v2\/types\/page"}],"author":[{"embeddable":true,"href":"https:\/\/www.golfstvigilseis.it\/de\/wp-json\/wp\/v2\/users\/1"}],"replies":[{"embeddable":true,"href":"https:\/\/www.golfstvigilseis.it\/de\/wp-json\/wp\/v2\/comments?post=1847"}],"version-history":[{"count":2,"href":"https:\/\/www.golfstvigilseis.it\/de\/wp-json\/wp\/v2\/pages\/1847\/revisions"}],"predecessor-version":[{"id":8335,"href":"https:\/\/www.golfstvigilseis.it\/de\/wp-json\/wp\/v2\/pages\/1847\/revisions\/8335"}],"up":[{"embeddable":true,"href":"https:\/\/www.golfstvigilseis.it\/de\/wp-json\/wp\/v2\/pages\/1844"}],"wp:attachment":[{"href":"https:\/\/www.golfstvigilseis.it\/de\/wp-json\/wp\/v2\/media?parent=1847"}],"curies":[{"name":"wp","href":"https:\/\/api.w.org\/{rel}","templated":true}]}}